{"id":3023,"date":"2019-09-23T22:56:19","date_gmt":"2019-09-23T19:56:19","guid":{"rendered":"https:\/\/gallico.shop\/?post_type=product&#038;p=3023"},"modified":"2024-07-19T19:05:04","modified_gmt":"2024-07-19T16:05:04","slug":"pera-stretch-leather-trousers","status":"publish","type":"product","link":"https:\/\/gallico.shop\/en\/product\/pera-stretch-leather-trousers\/","title":{"rendered":"Pera Stretch Leather Trousers"},"content":{"rendered":"<p>Outer<br \/>\n100% Stretch Kuzu Derisi<\/p>\n<p class=\" translation-block\">DO NOT WASH<br>\nDO NOT BLEACH<br>\nDO NOT IRON<br>\nDO NOT DRY CLEAN<br>\nDO NOT TUMBLE DRY<br>\nSPECIALIST CLEANING ONLY<\/p>","protected":false},"excerpt":{"rendered":"<p class=\" translation-block\">Made from stretch lamb leather<br>\nSkinny<br>\nNot lined<br>\nFive pocket<br><\/p>\n<p>Model is wearing size S<\/p>\n<p>Modelin \u00f6l\u00e7\u00fcleri: 180cm \/ 57kg\u00a0 G\u00f6\u011f\u00fcs:85cm\u00a0 Bel:63cm\u00a0 Basen:92cm<\/p>","protected":false},"featured_media":13093,"comment_status":"open","ping_status":"closed","template":"","meta":{"spay_email":""},"product_cat":[119,179],"product_tag":[],"yoast_head":"<!-- This site is optimized with the Yoast SEO plugin v17.6 - https:\/\/yoast.com\/wordpress\/plugins\/seo\/ -->\n<title>Pera Stretch Leather Trousers - Gallico<\/title>\n<meta name=\"robots\" content=\"index, follow, max-snippet:-1, max-image-preview:large, max-video-preview:-1\" \/>\n<link rel=\"canonical\" href=\"https:\/\/gallico.shop\/en\/product\/pera-stretch-leather-trousers\/\" \/>\n<meta property=\"og:locale\" content=\"en_US\" \/>\n<meta property=\"og:type\" content=\"article\" \/>\n<meta property=\"og:title\" content=\"Pera Stretch Leather Trousers - Gallico\" \/>\n<meta property=\"og:description\" content=\"Kuzu derisinden \u00fcretilmi\u015ftir Dar pa\u00e7al\u0131 stretch pantolon Astars\u0131z Slim fit Be\u015f cepli Kemerli  Modelin \u00fczerindeki \u00fcr\u00fcn S bedendir  Modelin \u00f6l\u00e7\u00fcleri: 180cm \/ 57kg\u00a0 G\u00f6\u011f\u00fcs:85cm\u00a0 Bel:63cm\u00a0 Basen:92cm\" \/>\n<meta property=\"og:url\" content=\"https:\/\/gallico.shop\/en\/product\/pera-stretch-leather-trousers\/\" \/>\n<meta property=\"og:site_name\" content=\"Gallico\" \/>\n<meta property=\"article:modified_time\" content=\"2024-07-19T16:05:04+00:00\" \/>\n<meta property=\"og:image\" content=\"https:\/\/gallico.shop\/wp-content\/uploads\/2021\/11\/IMG_6631--scaled.jpg\" \/>\n\t<meta property=\"og:image:width\" content=\"1706\" \/>\n\t<meta property=\"og:image:height\" content=\"2560\" \/>\n<meta name=\"twitter:card\" content=\"summary_large_image\" \/>\n<script type=\"application\/ld+json\" class=\"yoast-schema-graph\">{\"@context\":\"https:\/\/schema.org\",\"@graph\":[{\"@type\":\"WebSite\",\"@id\":\"https:\/\/gallico.shop\/#website\",\"url\":\"https:\/\/gallico.shop\/\",\"name\":\"Gallico\",\"description\":\"Luxury Leather Apparels\",\"potentialAction\":[{\"@type\":\"SearchAction\",\"target\":{\"@type\":\"EntryPoint\",\"urlTemplate\":\"https:\/\/gallico.shop\/?s={search_term_string}\"},\"query-input\":\"required name=search_term_string\"}],\"inLanguage\":\"en-US\"},{\"@type\":\"ImageObject\",\"@id\":\"https:\/\/gallico.shop\/urun\/pera-stretch-leather-trousers\/#primaryimage\",\"inLanguage\":\"en-US\",\"url\":\"https:\/\/gallico.shop\/wp-content\/uploads\/2021\/11\/IMG_6631--scaled.jpg\",\"contentUrl\":\"https:\/\/gallico.shop\/wp-content\/uploads\/2021\/11\/IMG_6631--scaled.jpg\",\"width\":1706,\"height\":2560},{\"@type\":\"WebPage\",\"@id\":\"https:\/\/gallico.shop\/urun\/pera-stretch-leather-trousers\/#webpage\",\"url\":\"https:\/\/gallico.shop\/urun\/pera-stretch-leather-trousers\/\",\"name\":\"Pera Stretch Leather Trousers - Gallico\",\"isPartOf\":{\"@id\":\"https:\/\/gallico.shop\/#website\"},\"primaryImageOfPage\":{\"@id\":\"https:\/\/gallico.shop\/urun\/pera-stretch-leather-trousers\/#primaryimage\"},\"datePublished\":\"2019-09-23T19:56:19+00:00\",\"dateModified\":\"2024-07-19T16:05:04+00:00\",\"breadcrumb\":{\"@id\":\"https:\/\/gallico.shop\/urun\/pera-stretch-leather-trousers\/#breadcrumb\"},\"inLanguage\":\"en-US\",\"potentialAction\":[{\"@type\":\"ReadAction\",\"target\":[\"https:\/\/gallico.shop\/urun\/pera-stretch-leather-trousers\/\"]}]},{\"@type\":\"BreadcrumbList\",\"@id\":\"https:\/\/gallico.shop\/urun\/pera-stretch-leather-trousers\/#breadcrumb\",\"itemListElement\":[{\"@type\":\"ListItem\",\"position\":1,\"name\":\"Ana sayfa\",\"item\":\"https:\/\/gallico.shop\/\"},{\"@type\":\"ListItem\",\"position\":2,\"name\":\"Shop\",\"item\":\"https:\/\/gallico.shop\/shop\/\"},{\"@type\":\"ListItem\",\"position\":3,\"name\":\"Pera Stretch Leather Trousers\"}]}]}<\/script>\n<!-- \/ Yoast SEO plugin. -->","yoast_head_json":{"title":"Pera Stretch Leather Trousers - Gallico","robots":{"index":"index","follow":"follow","max-snippet":"max-snippet:-1","max-image-preview":"max-image-preview:large","max-video-preview":"max-video-preview:-1"},"canonical":"https:\/\/gallico.shop\/en\/product\/pera-stretch-leather-trousers\/","og_locale":"en_US","og_type":"article","og_title":"Pera Stretch Leather Trousers - Gallico","og_description":"Kuzu derisinden \u00fcretilmi\u015ftir Dar pa\u00e7al\u0131 stretch pantolon Astars\u0131z Slim fit Be\u015f cepli Kemerli  Modelin \u00fczerindeki \u00fcr\u00fcn S bedendir  Modelin \u00f6l\u00e7\u00fcleri: 180cm \/ 57kg\u00a0 G\u00f6\u011f\u00fcs:85cm\u00a0 Bel:63cm\u00a0 Basen:92cm","og_url":"https:\/\/gallico.shop\/en\/product\/pera-stretch-leather-trousers\/","og_site_name":"Gallico","article_modified_time":"2024-07-19T16:05:04+00:00","og_image":[{"width":1706,"height":2560,"url":"https:\/\/gallico.shop\/wp-content\/uploads\/2021\/11\/IMG_6631--scaled.jpg","type":"image\/jpeg"}],"twitter_card":"summary_large_image","schema":{"@context":"https:\/\/schema.org","@graph":[{"@type":"WebSite","@id":"https:\/\/gallico.shop\/#website","url":"https:\/\/gallico.shop\/","name":"Gallico","description":"Luxury Leather Apparels","potentialAction":[{"@type":"SearchAction","target":{"@type":"EntryPoint","urlTemplate":"https:\/\/gallico.shop\/?s={search_term_string}"},"query-input":"required name=search_term_string"}],"inLanguage":"en-US"},{"@type":"ImageObject","@id":"https:\/\/gallico.shop\/urun\/pera-stretch-leather-trousers\/#primaryimage","inLanguage":"en-US","url":"https:\/\/gallico.shop\/wp-content\/uploads\/2021\/11\/IMG_6631--scaled.jpg","contentUrl":"https:\/\/gallico.shop\/wp-content\/uploads\/2021\/11\/IMG_6631--scaled.jpg","width":1706,"height":2560},{"@type":"WebPage","@id":"https:\/\/gallico.shop\/urun\/pera-stretch-leather-trousers\/#webpage","url":"https:\/\/gallico.shop\/urun\/pera-stretch-leather-trousers\/","name":"Pera Stretch Leather Trousers - Gallico","isPartOf":{"@id":"https:\/\/gallico.shop\/#website"},"primaryImageOfPage":{"@id":"https:\/\/gallico.shop\/urun\/pera-stretch-leather-trousers\/#primaryimage"},"datePublished":"2019-09-23T19:56:19+00:00","dateModified":"2024-07-19T16:05:04+00:00","breadcrumb":{"@id":"https:\/\/gallico.shop\/urun\/pera-stretch-leather-trousers\/#breadcrumb"},"inLanguage":"en-US","potentialAction":[{"@type":"ReadAction","target":["https:\/\/gallico.shop\/urun\/pera-stretch-leather-trousers\/"]}]},{"@type":"BreadcrumbList","@id":"https:\/\/gallico.shop\/urun\/pera-stretch-leather-trousers\/#breadcrumb","itemListElement":[{"@type":"ListItem","position":1,"name":"Ana sayfa","item":"https:\/\/gallico.shop\/"},{"@type":"ListItem","position":2,"name":"Shop","item":"https:\/\/gallico.shop\/shop\/"},{"@type":"ListItem","position":3,"name":"Pera Stretch Leather Trousers"}]}]}},"_links":{"self":[{"href":"https:\/\/gallico.shop\/en\/wp-json\/wp\/v2\/product\/3023"}],"collection":[{"href":"https:\/\/gallico.shop\/en\/wp-json\/wp\/v2\/product"}],"about":[{"href":"https:\/\/gallico.shop\/en\/wp-json\/wp\/v2\/types\/product"}],"replies":[{"embeddable":true,"href":"https:\/\/gallico.shop\/en\/wp-json\/wp\/v2\/comments?post=3023"}],"wp:featuredmedia":[{"embeddable":true,"href":"https:\/\/gallico.shop\/en\/wp-json\/wp\/v2\/media\/13093"}],"wp:attachment":[{"href":"https:\/\/gallico.shop\/en\/wp-json\/wp\/v2\/media?parent=3023"}],"wp:term":[{"taxonomy":"product_cat","embeddable":true,"href":"https:\/\/gallico.shop\/en\/wp-json\/wp\/v2\/product_cat?post=3023"},{"taxonomy":"product_tag","embeddable":true,"href":"https:\/\/gallico.shop\/en\/wp-json\/wp\/v2\/product_tag?post=3023"}],"curies":[{"name":"wp","href":"https:\/\/api.w.org\/{rel}","templated":true}]}}