{"id":2221,"date":"2019-08-26T03:43:36","date_gmt":"2019-08-26T00:43:36","guid":{"rendered":"https:\/\/gallico.shop\/?post_type=product&#038;p=1662"},"modified":"2023-10-11T11:50:26","modified_gmt":"2023-10-11T08:50:26","slug":"tony-puffer-jacket-2","status":"publish","type":"product","link":"https:\/\/gallico.shop\/en\/product\/tony-puffer-jacket-2\/","title":{"rendered":"Tony Puffer Jacket"},"content":{"rendered":"<p>Outer<br \/>\n100% Sheep Leather<br \/>\n100% Rakun K\u00fcrk\u00fc<br \/>\n100% Polyester<\/p>\n<p>Lining<br \/>\n100% Polyester<\/p>\n<p>\u0130\u00c7<br \/>\n100% Kaz T\u00fcy\u00fc<\/p>\n<p class=\" translation-block\">DO NOT WASH<br>\nDO NOT BLEACH<br>\nDO NOT IRON<br>\nDO NOT DRY CLEAN<br>\nDO NOT TUMBLE DRY<br>\nSPECIALIST CLEANING ONLY<\/p>","protected":false},"excerpt":{"rendered":"<p class=\" translation-block\">Front and back yoke made from lamb leather<br>\nQuilted puffer jacket<br>\nBody and sleeves in nylon<br>               \nStraight fit<br>\nDetachable hood with detachable fur detail<br>\nZip fastening <br>\nTwo zipped side pockets and zipped chest pocket<\/p>\n<p>Model is wearing size L<\/p>\n<p>Model Measurements: Height: 1.87 Weight:  75\u00a0Chest: 103\u00a0 Waist: 78\u00a0 Hip: 100<\/p>","protected":false},"featured_media":10821,"comment_status":"open","ping_status":"closed","template":"","meta":{"spay_email":""},"product_cat":[88,164],"product_tag":[],"yoast_head":"<!-- This site is optimized with the Yoast SEO plugin v17.6 - https:\/\/yoast.com\/wordpress\/plugins\/seo\/ -->\n<title>Detachable Hood Doudoune Jacket<\/title>\n<meta name=\"description\" content=\"Robas\u0131 ve biyeleri 0 kuzu derisinden \u00fcretilmi\u015f nylon ceket. \u015ei\u015fme ceket, d\u00fcz kesim, kap\u015fonu \u00e7\u0131kmal\u0131, kap\u015fon ucu k\u00fcrkl\u00fc ve \u00e7\u0131kmal\u0131, \u00f6n\u00fc fermuar kapamal\u0131ROBA : KUZU K\u00dcRK\u00dc 100DEN: NYLON \/ POLYESTER 100%KAP\u015eON UCU: RAKUN K\u00dcRK\u00dc 100%\" \/>\n<meta name=\"robots\" content=\"index, follow, max-snippet:-1, max-image-preview:large, max-video-preview:-1\" \/>\n<link rel=\"canonical\" href=\"https:\/\/gallico.shop\/en\/product\/tony-puffer-jacket-2\/\" \/>\n<meta property=\"og:locale\" content=\"en_US\" \/>\n<meta property=\"og:type\" content=\"article\" \/>\n<meta property=\"og:title\" content=\"Detachable Hood Doudoune Jacket\" \/>\n<meta property=\"og:description\" content=\"Robas\u0131 ve biyeleri 0 kuzu derisinden \u00fcretilmi\u015f nylon ceket. \u015ei\u015fme ceket, d\u00fcz kesim, kap\u015fonu \u00e7\u0131kmal\u0131, kap\u015fon ucu k\u00fcrkl\u00fc ve \u00e7\u0131kmal\u0131, \u00f6n\u00fc fermuar kapamal\u0131ROBA : KUZU K\u00dcRK\u00dc 100DEN: NYLON \/ POLYESTER 100%KAP\u015eON UCU: RAKUN K\u00dcRK\u00dc 100%\" \/>\n<meta property=\"og:url\" content=\"https:\/\/gallico.shop\/en\/product\/tony-puffer-jacket-2\/\" \/>\n<meta property=\"og:site_name\" content=\"Gallico\" \/>\n<meta property=\"article:modified_time\" content=\"2023-10-11T08:50:26+00:00\" \/>\n<meta property=\"og:image\" content=\"https:\/\/gallico.shop\/wp-content\/uploads\/2020\/10\/gallico-2019-GE001456-1.jpg\" \/>\n\t<meta property=\"og:image:width\" content=\"1060\" \/>\n\t<meta property=\"og:image:height\" content=\"1590\" \/>\n<meta name=\"twitter:card\" content=\"summary_large_image\" \/>\n<script type=\"application\/ld+json\" class=\"yoast-schema-graph\">{\"@context\":\"https:\/\/schema.org\",\"@graph\":[{\"@type\":\"WebSite\",\"@id\":\"https:\/\/gallico.shop\/#website\",\"url\":\"https:\/\/gallico.shop\/\",\"name\":\"Gallico\",\"description\":\"Luxury Leather Apparels\",\"potentialAction\":[{\"@type\":\"SearchAction\",\"target\":{\"@type\":\"EntryPoint\",\"urlTemplate\":\"https:\/\/gallico.shop\/?s={search_term_string}\"},\"query-input\":\"required name=search_term_string\"}],\"inLanguage\":\"en-US\"},{\"@type\":\"ImageObject\",\"@id\":\"https:\/\/gallico.shop\/urun\/tony-puffer-jacket-2\/#primaryimage\",\"inLanguage\":\"en-US\",\"url\":\"https:\/\/gallico.shop\/wp-content\/uploads\/2020\/10\/gallico-2019-GE001456-1.jpg\",\"contentUrl\":\"https:\/\/gallico.shop\/wp-content\/uploads\/2020\/10\/gallico-2019-GE001456-1.jpg\",\"width\":1060,\"height\":1590},{\"@type\":\"WebPage\",\"@id\":\"https:\/\/gallico.shop\/urun\/tony-puffer-jacket-2\/#webpage\",\"url\":\"https:\/\/gallico.shop\/urun\/tony-puffer-jacket-2\/\",\"name\":\"Detachable Hood Doudoune Jacket\",\"isPartOf\":{\"@id\":\"https:\/\/gallico.shop\/#website\"},\"primaryImageOfPage\":{\"@id\":\"https:\/\/gallico.shop\/urun\/tony-puffer-jacket-2\/#primaryimage\"},\"datePublished\":\"2019-08-26T00:43:36+00:00\",\"dateModified\":\"2023-10-11T08:50:26+00:00\",\"description\":\"Robas\\u0131 ve biyeleri 0 kuzu derisinden \\u00fcretilmi\\u015f nylon ceket. \\u015ei\\u015fme ceket, d\\u00fcz kesim, kap\\u015fonu \\u00e7\\u0131kmal\\u0131, kap\\u015fon ucu k\\u00fcrkl\\u00fc ve \\u00e7\\u0131kmal\\u0131, \\u00f6n\\u00fc fermuar kapamal\\u0131ROBA : KUZU K\\u00dcRK\\u00dc 100DEN: NYLON \/ POLYESTER 100%KAP\\u015eON UCU: RAKUN K\\u00dcRK\\u00dc 100%\",\"breadcrumb\":{\"@id\":\"https:\/\/gallico.shop\/urun\/tony-puffer-jacket-2\/#breadcrumb\"},\"inLanguage\":\"en-US\",\"potentialAction\":[{\"@type\":\"ReadAction\",\"target\":[\"https:\/\/gallico.shop\/urun\/tony-puffer-jacket-2\/\"]}]},{\"@type\":\"BreadcrumbList\",\"@id\":\"https:\/\/gallico.shop\/urun\/tony-puffer-jacket-2\/#breadcrumb\",\"itemListElement\":[{\"@type\":\"ListItem\",\"position\":1,\"name\":\"Ana sayfa\",\"item\":\"https:\/\/gallico.shop\/\"},{\"@type\":\"ListItem\",\"position\":2,\"name\":\"Shop\",\"item\":\"https:\/\/gallico.shop\/shop\/\"},{\"@type\":\"ListItem\",\"position\":3,\"name\":\"Tony Puffer Jacket\"}]}]}<\/script>\n<!-- \/ Yoast SEO plugin. -->","yoast_head_json":{"title":"Detachable Hood Doudoune Jacket","description":"Robas\u0131 ve biyeleri 0 kuzu derisinden \u00fcretilmi\u015f nylon ceket. \u015ei\u015fme ceket, d\u00fcz kesim, kap\u015fonu \u00e7\u0131kmal\u0131, kap\u015fon ucu k\u00fcrkl\u00fc ve \u00e7\u0131kmal\u0131, \u00f6n\u00fc fermuar kapamal\u0131ROBA : KUZU K\u00dcRK\u00dc 100DEN: NYLON \/ POLYESTER 100%KAP\u015eON UCU: RAKUN K\u00dcRK\u00dc 100%","robots":{"index":"index","follow":"follow","max-snippet":"max-snippet:-1","max-image-preview":"max-image-preview:large","max-video-preview":"max-video-preview:-1"},"canonical":"https:\/\/gallico.shop\/en\/product\/tony-puffer-jacket-2\/","og_locale":"en_US","og_type":"article","og_title":"Detachable Hood Doudoune Jacket","og_description":"Robas\u0131 ve biyeleri 0 kuzu derisinden \u00fcretilmi\u015f nylon ceket. \u015ei\u015fme ceket, d\u00fcz kesim, kap\u015fonu \u00e7\u0131kmal\u0131, kap\u015fon ucu k\u00fcrkl\u00fc ve \u00e7\u0131kmal\u0131, \u00f6n\u00fc fermuar kapamal\u0131ROBA : KUZU K\u00dcRK\u00dc 100DEN: NYLON \/ POLYESTER 100%KAP\u015eON UCU: RAKUN K\u00dcRK\u00dc 100%","og_url":"https:\/\/gallico.shop\/en\/product\/tony-puffer-jacket-2\/","og_site_name":"Gallico","article_modified_time":"2023-10-11T08:50:26+00:00","og_image":[{"width":1060,"height":1590,"url":"https:\/\/gallico.shop\/wp-content\/uploads\/2020\/10\/gallico-2019-GE001456-1.jpg","type":"image\/jpeg"}],"twitter_card":"summary_large_image","schema":{"@context":"https:\/\/schema.org","@graph":[{"@type":"WebSite","@id":"https:\/\/gallico.shop\/#website","url":"https:\/\/gallico.shop\/","name":"Gallico","description":"Luxury Leather Apparels","potentialAction":[{"@type":"SearchAction","target":{"@type":"EntryPoint","urlTemplate":"https:\/\/gallico.shop\/?s={search_term_string}"},"query-input":"required name=search_term_string"}],"inLanguage":"en-US"},{"@type":"ImageObject","@id":"https:\/\/gallico.shop\/urun\/tony-puffer-jacket-2\/#primaryimage","inLanguage":"en-US","url":"https:\/\/gallico.shop\/wp-content\/uploads\/2020\/10\/gallico-2019-GE001456-1.jpg","contentUrl":"https:\/\/gallico.shop\/wp-content\/uploads\/2020\/10\/gallico-2019-GE001456-1.jpg","width":1060,"height":1590},{"@type":"WebPage","@id":"https:\/\/gallico.shop\/urun\/tony-puffer-jacket-2\/#webpage","url":"https:\/\/gallico.shop\/urun\/tony-puffer-jacket-2\/","name":"Detachable Hood Doudoune Jacket","isPartOf":{"@id":"https:\/\/gallico.shop\/#website"},"primaryImageOfPage":{"@id":"https:\/\/gallico.shop\/urun\/tony-puffer-jacket-2\/#primaryimage"},"datePublished":"2019-08-26T00:43:36+00:00","dateModified":"2023-10-11T08:50:26+00:00","description":"Robas\u0131 ve biyeleri 0 kuzu derisinden \u00fcretilmi\u015f nylon ceket. \u015ei\u015fme ceket, d\u00fcz kesim, kap\u015fonu \u00e7\u0131kmal\u0131, kap\u015fon ucu k\u00fcrkl\u00fc ve \u00e7\u0131kmal\u0131, \u00f6n\u00fc fermuar kapamal\u0131ROBA : KUZU K\u00dcRK\u00dc 100DEN: NYLON \/ POLYESTER 100%KAP\u015eON UCU: RAKUN K\u00dcRK\u00dc 100%","breadcrumb":{"@id":"https:\/\/gallico.shop\/urun\/tony-puffer-jacket-2\/#breadcrumb"},"inLanguage":"en-US","potentialAction":[{"@type":"ReadAction","target":["https:\/\/gallico.shop\/urun\/tony-puffer-jacket-2\/"]}]},{"@type":"BreadcrumbList","@id":"https:\/\/gallico.shop\/urun\/tony-puffer-jacket-2\/#breadcrumb","itemListElement":[{"@type":"ListItem","position":1,"name":"Ana sayfa","item":"https:\/\/gallico.shop\/"},{"@type":"ListItem","position":2,"name":"Shop","item":"https:\/\/gallico.shop\/shop\/"},{"@type":"ListItem","position":3,"name":"Tony Puffer Jacket"}]}]}},"_links":{"self":[{"href":"https:\/\/gallico.shop\/en\/wp-json\/wp\/v2\/product\/2221"}],"collection":[{"href":"https:\/\/gallico.shop\/en\/wp-json\/wp\/v2\/product"}],"about":[{"href":"https:\/\/gallico.shop\/en\/wp-json\/wp\/v2\/types\/product"}],"replies":[{"embeddable":true,"href":"https:\/\/gallico.shop\/en\/wp-json\/wp\/v2\/comments?post=2221"}],"wp:featuredmedia":[{"embeddable":true,"href":"https:\/\/gallico.shop\/en\/wp-json\/wp\/v2\/media\/10821"}],"wp:attachment":[{"href":"https:\/\/gallico.shop\/en\/wp-json\/wp\/v2\/media?parent=2221"}],"wp:term":[{"taxonomy":"product_cat","embeddable":true,"href":"https:\/\/gallico.shop\/en\/wp-json\/wp\/v2\/product_cat?post=2221"},{"taxonomy":"product_tag","embeddable":true,"href":"https:\/\/gallico.shop\/en\/wp-json\/wp\/v2\/product_tag?post=2221"}],"curies":[{"name":"wp","href":"https:\/\/api.w.org\/{rel}","templated":true}]}}