{"id":2215,"date":"2019-08-26T03:17:34","date_gmt":"2019-08-26T00:17:34","guid":{"rendered":"https:\/\/gallico.shop\/?post_type=product&#038;p=1612"},"modified":"2024-01-06T01:34:21","modified_gmt":"2024-01-05T22:34:21","slug":"dik-yakali-spor-deri-ceket","status":"publish","type":"product","link":"https:\/\/gallico.shop\/en\/product\/dik-yakali-spor-deri-ceket\/","title":{"rendered":"Gary Leather Jacket"},"content":{"rendered":"<p>Outer<br \/>\n100% Sheep Leather<\/p>\n<p>Lining<br \/>\n100% Asetat Twill<\/p>\n<p>YIKANMAZ<br \/>\nBEYAZLATICI KULLANILMAZ<br \/>\n\u00dcT\u00dcLENMEZ<br \/>\nKURU TEM\u0130ZLEME YAPILMAZ<br \/>\nMERDANEL\u0130 TEM\u0130ZLEME YAPILMAZ<br \/>\nUZMANLAR TARAFINDAN TEM\u0130ZLENMEL\u0130D\u0130<\/p>","protected":false},"excerpt":{"rendered":"<p class=\" translation-block\">Made from lamb leather<br>\nSlim fit <br>\nLined<br>\nHigh neck<br>\nZip fastening <br>\nTwo zipped side pockets<\/p>\n<p>Model is wearing size L<\/p>\n<p>Model Measurements: Height: 1.87 Weight:  75\u00a0Chest: 103\u00a0 Waist: 78\u00a0 Hip: 100<\/p>","protected":false},"featured_media":10800,"comment_status":"open","ping_status":"closed","template":"","meta":{"spay_email":""},"product_cat":[88,168],"product_tag":[],"yoast_head":"<!-- This site is optimized with the Yoast SEO plugin v17.6 - https:\/\/yoast.com\/wordpress\/plugins\/seo\/ -->\n<title>Gary Leather Jacket - Gallico<\/title>\n<meta name=\"robots\" content=\"index, follow, max-snippet:-1, max-image-preview:large, max-video-preview:-1\" \/>\n<link rel=\"canonical\" href=\"https:\/\/gallico.shop\/en\/product\/dik-yakali-spor-deri-ceket\/\" \/>\n<meta property=\"og:locale\" content=\"en_US\" \/>\n<meta property=\"og:type\" content=\"article\" \/>\n<meta property=\"og:title\" content=\"Gary Leather Jacket - Gallico\" \/>\n<meta property=\"og:description\" content=\"Kuzu derisinden \u00fcretilmi\u015ftir Slim fit Astarl\u0131 Dik yaka Fermuar kapama Fermuarl\u0131 yan cep  Modelin \u00fczerindeki beden L bedendir  Manken \u00d6l\u00e7\u00fcleri:187cm \/ 75kg\u00a0 G\u00f6\u011f\u00fcs:103cm\u00a0 Bel:78\u00a0 Kal\u00e7a:100\" \/>\n<meta property=\"og:url\" content=\"https:\/\/gallico.shop\/en\/product\/dik-yakali-spor-deri-ceket\/\" \/>\n<meta property=\"og:site_name\" content=\"Gallico\" \/>\n<meta property=\"article:modified_time\" content=\"2024-01-05T22:34:21+00:00\" \/>\n<meta property=\"og:image\" content=\"https:\/\/gallico.shop\/wp-content\/uploads\/2020\/10\/gallico-2019-GE0008-tobacco-4.jpg\" \/>\n\t<meta property=\"og:image:width\" content=\"1060\" \/>\n\t<meta property=\"og:image:height\" content=\"1590\" \/>\n<meta name=\"twitter:card\" content=\"summary_large_image\" \/>\n<script type=\"application\/ld+json\" class=\"yoast-schema-graph\">{\"@context\":\"https:\/\/schema.org\",\"@graph\":[{\"@type\":\"WebSite\",\"@id\":\"https:\/\/gallico.shop\/#website\",\"url\":\"https:\/\/gallico.shop\/\",\"name\":\"Gallico\",\"description\":\"Luxury Leather Apparels\",\"potentialAction\":[{\"@type\":\"SearchAction\",\"target\":{\"@type\":\"EntryPoint\",\"urlTemplate\":\"https:\/\/gallico.shop\/?s={search_term_string}\"},\"query-input\":\"required name=search_term_string\"}],\"inLanguage\":\"en-US\"},{\"@type\":\"ImageObject\",\"@id\":\"https:\/\/gallico.shop\/urun\/dik-yakali-spor-deri-ceket\/#primaryimage\",\"inLanguage\":\"en-US\",\"url\":\"https:\/\/gallico.shop\/wp-content\/uploads\/2020\/10\/gallico-2019-GE0008-tobacco-4.jpg\",\"contentUrl\":\"https:\/\/gallico.shop\/wp-content\/uploads\/2020\/10\/gallico-2019-GE0008-tobacco-4.jpg\",\"width\":1060,\"height\":1590},{\"@type\":\"WebPage\",\"@id\":\"https:\/\/gallico.shop\/urun\/dik-yakali-spor-deri-ceket\/#webpage\",\"url\":\"https:\/\/gallico.shop\/urun\/dik-yakali-spor-deri-ceket\/\",\"name\":\"Gary Leather Jacket - Gallico\",\"isPartOf\":{\"@id\":\"https:\/\/gallico.shop\/#website\"},\"primaryImageOfPage\":{\"@id\":\"https:\/\/gallico.shop\/urun\/dik-yakali-spor-deri-ceket\/#primaryimage\"},\"datePublished\":\"2019-08-26T00:17:34+00:00\",\"dateModified\":\"2024-01-05T22:34:21+00:00\",\"breadcrumb\":{\"@id\":\"https:\/\/gallico.shop\/urun\/dik-yakali-spor-deri-ceket\/#breadcrumb\"},\"inLanguage\":\"en-US\",\"potentialAction\":[{\"@type\":\"ReadAction\",\"target\":[\"https:\/\/gallico.shop\/urun\/dik-yakali-spor-deri-ceket\/\"]}]},{\"@type\":\"BreadcrumbList\",\"@id\":\"https:\/\/gallico.shop\/urun\/dik-yakali-spor-deri-ceket\/#breadcrumb\",\"itemListElement\":[{\"@type\":\"ListItem\",\"position\":1,\"name\":\"Ana sayfa\",\"item\":\"https:\/\/gallico.shop\/\"},{\"@type\":\"ListItem\",\"position\":2,\"name\":\"Shop\",\"item\":\"https:\/\/gallico.shop\/shop\/\"},{\"@type\":\"ListItem\",\"position\":3,\"name\":\"Gary Leather Jacket\"}]}]}<\/script>\n<!-- \/ Yoast SEO plugin. -->","yoast_head_json":{"title":"Gary Leather Jacket - Gallico","robots":{"index":"index","follow":"follow","max-snippet":"max-snippet:-1","max-image-preview":"max-image-preview:large","max-video-preview":"max-video-preview:-1"},"canonical":"https:\/\/gallico.shop\/en\/product\/dik-yakali-spor-deri-ceket\/","og_locale":"en_US","og_type":"article","og_title":"Gary Leather Jacket - Gallico","og_description":"Kuzu derisinden \u00fcretilmi\u015ftir Slim fit Astarl\u0131 Dik yaka Fermuar kapama Fermuarl\u0131 yan cep  Modelin \u00fczerindeki beden L bedendir  Manken \u00d6l\u00e7\u00fcleri:187cm \/ 75kg\u00a0 G\u00f6\u011f\u00fcs:103cm\u00a0 Bel:78\u00a0 Kal\u00e7a:100","og_url":"https:\/\/gallico.shop\/en\/product\/dik-yakali-spor-deri-ceket\/","og_site_name":"Gallico","article_modified_time":"2024-01-05T22:34:21+00:00","og_image":[{"width":1060,"height":1590,"url":"https:\/\/gallico.shop\/wp-content\/uploads\/2020\/10\/gallico-2019-GE0008-tobacco-4.jpg","type":"image\/jpeg"}],"twitter_card":"summary_large_image","schema":{"@context":"https:\/\/schema.org","@graph":[{"@type":"WebSite","@id":"https:\/\/gallico.shop\/#website","url":"https:\/\/gallico.shop\/","name":"Gallico","description":"Luxury Leather Apparels","potentialAction":[{"@type":"SearchAction","target":{"@type":"EntryPoint","urlTemplate":"https:\/\/gallico.shop\/?s={search_term_string}"},"query-input":"required name=search_term_string"}],"inLanguage":"en-US"},{"@type":"ImageObject","@id":"https:\/\/gallico.shop\/urun\/dik-yakali-spor-deri-ceket\/#primaryimage","inLanguage":"en-US","url":"https:\/\/gallico.shop\/wp-content\/uploads\/2020\/10\/gallico-2019-GE0008-tobacco-4.jpg","contentUrl":"https:\/\/gallico.shop\/wp-content\/uploads\/2020\/10\/gallico-2019-GE0008-tobacco-4.jpg","width":1060,"height":1590},{"@type":"WebPage","@id":"https:\/\/gallico.shop\/urun\/dik-yakali-spor-deri-ceket\/#webpage","url":"https:\/\/gallico.shop\/urun\/dik-yakali-spor-deri-ceket\/","name":"Gary Leather Jacket - Gallico","isPartOf":{"@id":"https:\/\/gallico.shop\/#website"},"primaryImageOfPage":{"@id":"https:\/\/gallico.shop\/urun\/dik-yakali-spor-deri-ceket\/#primaryimage"},"datePublished":"2019-08-26T00:17:34+00:00","dateModified":"2024-01-05T22:34:21+00:00","breadcrumb":{"@id":"https:\/\/gallico.shop\/urun\/dik-yakali-spor-deri-ceket\/#breadcrumb"},"inLanguage":"en-US","potentialAction":[{"@type":"ReadAction","target":["https:\/\/gallico.shop\/urun\/dik-yakali-spor-deri-ceket\/"]}]},{"@type":"BreadcrumbList","@id":"https:\/\/gallico.shop\/urun\/dik-yakali-spor-deri-ceket\/#breadcrumb","itemListElement":[{"@type":"ListItem","position":1,"name":"Ana sayfa","item":"https:\/\/gallico.shop\/"},{"@type":"ListItem","position":2,"name":"Shop","item":"https:\/\/gallico.shop\/shop\/"},{"@type":"ListItem","position":3,"name":"Gary Leather Jacket"}]}]}},"_links":{"self":[{"href":"https:\/\/gallico.shop\/en\/wp-json\/wp\/v2\/product\/2215"}],"collection":[{"href":"https:\/\/gallico.shop\/en\/wp-json\/wp\/v2\/product"}],"about":[{"href":"https:\/\/gallico.shop\/en\/wp-json\/wp\/v2\/types\/product"}],"replies":[{"embeddable":true,"href":"https:\/\/gallico.shop\/en\/wp-json\/wp\/v2\/comments?post=2215"}],"wp:featuredmedia":[{"embeddable":true,"href":"https:\/\/gallico.shop\/en\/wp-json\/wp\/v2\/media\/10800"}],"wp:attachment":[{"href":"https:\/\/gallico.shop\/en\/wp-json\/wp\/v2\/media?parent=2215"}],"wp:term":[{"taxonomy":"product_cat","embeddable":true,"href":"https:\/\/gallico.shop\/en\/wp-json\/wp\/v2\/product_cat?post=2215"},{"taxonomy":"product_tag","embeddable":true,"href":"https:\/\/gallico.shop\/en\/wp-json\/wp\/v2\/product_tag?post=2215"}],"curies":[{"name":"wp","href":"https:\/\/api.w.org\/{rel}","templated":true}]}}