{"id":2213,"date":"2019-08-26T03:02:30","date_gmt":"2019-08-26T00:02:30","guid":{"rendered":"https:\/\/gallico.shop\/?post_type=product&#038;p=1586"},"modified":"2023-07-11T18:07:19","modified_gmt":"2023-07-11T15:07:19","slug":"martin-collage-jacket","status":"publish","type":"product","link":"https:\/\/gallico.shop\/en\/product\/martin-collage-jacket\/","title":{"rendered":"Martin Collage Jacket"},"content":{"rendered":"<p>Outer<br \/>\n100% Kuzu Derisi 100% Polyester<\/p>\n<p>Lining<br \/>\n100% Asetat Twill<\/p>\n<p class=\" translation-block\">DO NOT WASH<br>\nDO NOT BLEACH<br>\nDO NOT IRON<br>\nDO NOT DRY CLEAN<br>\nDO NOT TUMBLE DRY<br>\nSPECIALIST CLEANING ONLY<\/p>","protected":false},"excerpt":{"rendered":"<p class=\" translation-block\">Made from lamb leather<br>\nBomber jacket<br>\nLined<br>\nNylon body with leather sleeves<br>\nZip fastening <br>\nTwo zipped side pockets<br>\nStretch cuffs, collar and hem<\/p>\n<p>Model is wearing size L<\/p>\n<p>Model Measurements: Height: 1.87 Weight:  75\u00a0Chest: 103\u00a0 Waist: 78\u00a0 Hip: 100<\/p>","protected":false},"featured_media":10789,"comment_status":"open","ping_status":"closed","template":"","meta":{"spay_email":""},"product_cat":[88,168],"product_tag":[],"yoast_head":"<!-- This site is optimized with the Yoast SEO plugin v17.6 - https:\/\/yoast.com\/wordpress\/plugins\/seo\/ -->\n<title>Martin Collage Jacket - Gallico<\/title>\n<meta name=\"robots\" content=\"index, follow, max-snippet:-1, max-image-preview:large, max-video-preview:-1\" \/>\n<link rel=\"canonical\" href=\"https:\/\/gallico.shop\/en\/product\/martin-collage-jacket\/\" \/>\n<meta property=\"og:locale\" content=\"en_US\" \/>\n<meta property=\"og:type\" content=\"article\" \/>\n<meta property=\"og:title\" content=\"Martin Collage Jacket - Gallico\" \/>\n<meta property=\"og:description\" content=\"Kuzu derisinden \u00fcretilmi\u015ftir Bomber ceket \u00d6n beden ve arka beden nylon, kollar deri Fermuarl\u0131 kapama Fermuarl\u0131 yan cep Man\u015fet, yaka ve etek ucu triko  Modelin \u00fczerindeki beden L bedendir  Manken \u00d6l\u00e7\u00fcleri:187cm \/ 75kg\u00a0 G\u00f6\u011f\u00fcs:103cm\u00a0 Bel:78\u00a0 Kal\u00e7a:100\" \/>\n<meta property=\"og:url\" content=\"https:\/\/gallico.shop\/en\/product\/martin-collage-jacket\/\" \/>\n<meta property=\"og:site_name\" content=\"Gallico\" \/>\n<meta property=\"article:modified_time\" content=\"2023-07-11T15:07:19+00:00\" \/>\n<meta property=\"og:image\" content=\"https:\/\/gallico.shop\/wp-content\/uploads\/2020\/10\/gallico-2019-GE0005-siyah-3.jpg\" \/>\n\t<meta property=\"og:image:width\" content=\"1060\" \/>\n\t<meta property=\"og:image:height\" content=\"1590\" \/>\n<meta name=\"twitter:card\" content=\"summary_large_image\" \/>\n<script type=\"application\/ld+json\" class=\"yoast-schema-graph\">{\"@context\":\"https:\/\/schema.org\",\"@graph\":[{\"@type\":\"WebSite\",\"@id\":\"https:\/\/gallico.shop\/#website\",\"url\":\"https:\/\/gallico.shop\/\",\"name\":\"Gallico\",\"description\":\"Luxury Leather Apparels\",\"potentialAction\":[{\"@type\":\"SearchAction\",\"target\":{\"@type\":\"EntryPoint\",\"urlTemplate\":\"https:\/\/gallico.shop\/?s={search_term_string}\"},\"query-input\":\"required name=search_term_string\"}],\"inLanguage\":\"en-US\"},{\"@type\":\"ImageObject\",\"@id\":\"https:\/\/gallico.shop\/urun\/martin-collage-jacket\/#primaryimage\",\"inLanguage\":\"en-US\",\"url\":\"https:\/\/gallico.shop\/wp-content\/uploads\/2020\/10\/gallico-2019-GE0005-siyah-3.jpg\",\"contentUrl\":\"https:\/\/gallico.shop\/wp-content\/uploads\/2020\/10\/gallico-2019-GE0005-siyah-3.jpg\",\"width\":1060,\"height\":1590},{\"@type\":\"WebPage\",\"@id\":\"https:\/\/gallico.shop\/urun\/martin-collage-jacket\/#webpage\",\"url\":\"https:\/\/gallico.shop\/urun\/martin-collage-jacket\/\",\"name\":\"Martin Collage Jacket - Gallico\",\"isPartOf\":{\"@id\":\"https:\/\/gallico.shop\/#website\"},\"primaryImageOfPage\":{\"@id\":\"https:\/\/gallico.shop\/urun\/martin-collage-jacket\/#primaryimage\"},\"datePublished\":\"2019-08-26T00:02:30+00:00\",\"dateModified\":\"2023-07-11T15:07:19+00:00\",\"breadcrumb\":{\"@id\":\"https:\/\/gallico.shop\/urun\/martin-collage-jacket\/#breadcrumb\"},\"inLanguage\":\"en-US\",\"potentialAction\":[{\"@type\":\"ReadAction\",\"target\":[\"https:\/\/gallico.shop\/urun\/martin-collage-jacket\/\"]}]},{\"@type\":\"BreadcrumbList\",\"@id\":\"https:\/\/gallico.shop\/urun\/martin-collage-jacket\/#breadcrumb\",\"itemListElement\":[{\"@type\":\"ListItem\",\"position\":1,\"name\":\"Ana sayfa\",\"item\":\"https:\/\/gallico.shop\/\"},{\"@type\":\"ListItem\",\"position\":2,\"name\":\"Shop\",\"item\":\"https:\/\/gallico.shop\/shop\/\"},{\"@type\":\"ListItem\",\"position\":3,\"name\":\"Martin Collage Jacket\"}]}]}<\/script>\n<!-- \/ Yoast SEO plugin. -->","yoast_head_json":{"title":"Martin Collage Jacket - Gallico","robots":{"index":"index","follow":"follow","max-snippet":"max-snippet:-1","max-image-preview":"max-image-preview:large","max-video-preview":"max-video-preview:-1"},"canonical":"https:\/\/gallico.shop\/en\/product\/martin-collage-jacket\/","og_locale":"en_US","og_type":"article","og_title":"Martin Collage Jacket - Gallico","og_description":"Kuzu derisinden \u00fcretilmi\u015ftir Bomber ceket \u00d6n beden ve arka beden nylon, kollar deri Fermuarl\u0131 kapama Fermuarl\u0131 yan cep Man\u015fet, yaka ve etek ucu triko  Modelin \u00fczerindeki beden L bedendir  Manken \u00d6l\u00e7\u00fcleri:187cm \/ 75kg\u00a0 G\u00f6\u011f\u00fcs:103cm\u00a0 Bel:78\u00a0 Kal\u00e7a:100","og_url":"https:\/\/gallico.shop\/en\/product\/martin-collage-jacket\/","og_site_name":"Gallico","article_modified_time":"2023-07-11T15:07:19+00:00","og_image":[{"width":1060,"height":1590,"url":"https:\/\/gallico.shop\/wp-content\/uploads\/2020\/10\/gallico-2019-GE0005-siyah-3.jpg","type":"image\/jpeg"}],"twitter_card":"summary_large_image","schema":{"@context":"https:\/\/schema.org","@graph":[{"@type":"WebSite","@id":"https:\/\/gallico.shop\/#website","url":"https:\/\/gallico.shop\/","name":"Gallico","description":"Luxury Leather Apparels","potentialAction":[{"@type":"SearchAction","target":{"@type":"EntryPoint","urlTemplate":"https:\/\/gallico.shop\/?s={search_term_string}"},"query-input":"required name=search_term_string"}],"inLanguage":"en-US"},{"@type":"ImageObject","@id":"https:\/\/gallico.shop\/urun\/martin-collage-jacket\/#primaryimage","inLanguage":"en-US","url":"https:\/\/gallico.shop\/wp-content\/uploads\/2020\/10\/gallico-2019-GE0005-siyah-3.jpg","contentUrl":"https:\/\/gallico.shop\/wp-content\/uploads\/2020\/10\/gallico-2019-GE0005-siyah-3.jpg","width":1060,"height":1590},{"@type":"WebPage","@id":"https:\/\/gallico.shop\/urun\/martin-collage-jacket\/#webpage","url":"https:\/\/gallico.shop\/urun\/martin-collage-jacket\/","name":"Martin Collage Jacket - Gallico","isPartOf":{"@id":"https:\/\/gallico.shop\/#website"},"primaryImageOfPage":{"@id":"https:\/\/gallico.shop\/urun\/martin-collage-jacket\/#primaryimage"},"datePublished":"2019-08-26T00:02:30+00:00","dateModified":"2023-07-11T15:07:19+00:00","breadcrumb":{"@id":"https:\/\/gallico.shop\/urun\/martin-collage-jacket\/#breadcrumb"},"inLanguage":"en-US","potentialAction":[{"@type":"ReadAction","target":["https:\/\/gallico.shop\/urun\/martin-collage-jacket\/"]}]},{"@type":"BreadcrumbList","@id":"https:\/\/gallico.shop\/urun\/martin-collage-jacket\/#breadcrumb","itemListElement":[{"@type":"ListItem","position":1,"name":"Ana sayfa","item":"https:\/\/gallico.shop\/"},{"@type":"ListItem","position":2,"name":"Shop","item":"https:\/\/gallico.shop\/shop\/"},{"@type":"ListItem","position":3,"name":"Martin Collage Jacket"}]}]}},"_links":{"self":[{"href":"https:\/\/gallico.shop\/en\/wp-json\/wp\/v2\/product\/2213"}],"collection":[{"href":"https:\/\/gallico.shop\/en\/wp-json\/wp\/v2\/product"}],"about":[{"href":"https:\/\/gallico.shop\/en\/wp-json\/wp\/v2\/types\/product"}],"replies":[{"embeddable":true,"href":"https:\/\/gallico.shop\/en\/wp-json\/wp\/v2\/comments?post=2213"}],"wp:featuredmedia":[{"embeddable":true,"href":"https:\/\/gallico.shop\/en\/wp-json\/wp\/v2\/media\/10789"}],"wp:attachment":[{"href":"https:\/\/gallico.shop\/en\/wp-json\/wp\/v2\/media?parent=2213"}],"wp:term":[{"taxonomy":"product_cat","embeddable":true,"href":"https:\/\/gallico.shop\/en\/wp-json\/wp\/v2\/product_cat?post=2213"},{"taxonomy":"product_tag","embeddable":true,"href":"https:\/\/gallico.shop\/en\/wp-json\/wp\/v2\/product_tag?post=2213"}],"curies":[{"name":"wp","href":"https:\/\/api.w.org\/{rel}","templated":true}]}}