{"id":1986,"date":"2020-10-08T09:43:53","date_gmt":"2020-10-08T06:43:53","guid":{"rendered":"http:\/\/89.252.131.128\/?post_type=product&#038;p=1986"},"modified":"2023-10-10T18:15:43","modified_gmt":"2023-10-10T15:15:43","slug":"clash-biker-jacket","status":"publish","type":"product","link":"https:\/\/gallico.shop\/en\/product\/clash-biker-jacket\/","title":{"rendered":"Clash Biker Jacket"},"content":{"rendered":"<p>Outer<br \/>\n100% Sheep Leather<\/p>\n<p>Lining<br \/>\n100% Asetat Twill<\/p>\n<p class=\" translation-block\">DO NOT WASH<br>\nDO NOT BLEACH<br>\nDO NOT IRON<br>\nDO NOT DRY CLEAN<br>\nDO NOT TUMBLE DRY<br>\nSPECIALIST CLEANING ONLY<\/p>","protected":false},"excerpt":{"rendered":"<p class=\" translation-block\">Made from lamb leather<br>\nBiker jacket<br>\nSlim fit<br>\nLined<br>\nZip fastening <br>\nFour zipped side pockets and zipped chest pocket<br>\nZipped cuffs<br>\nCuffs with buttoned tab<br>\nBelted<\/p>\n<p>Model is wearing size L<\/p>\n<p>Model Measurements: Height: 1.93 Weight:  82\u00a0Shoulder: 102\u00a0 Waist: 83<\/p>","protected":false},"featured_media":1669,"comment_status":"open","ping_status":"closed","template":"","meta":{"spay_email":""},"product_cat":[88,165,164],"product_tag":[],"yoast_head":"<!-- This site is optimized with the Yoast SEO plugin v17.6 - https:\/\/yoast.com\/wordpress\/plugins\/seo\/ -->\n<title>Clash Biker Jacket - Gallico<\/title>\n<meta name=\"robots\" content=\"index, follow, max-snippet:-1, max-image-preview:large, max-video-preview:-1\" \/>\n<link rel=\"canonical\" href=\"https:\/\/gallico.shop\/en\/product\/clash-biker-jacket\/\" \/>\n<meta property=\"og:locale\" content=\"en_US\" \/>\n<meta property=\"og:type\" content=\"article\" \/>\n<meta property=\"og:title\" content=\"Clash Biker Jacket - Gallico\" \/>\n<meta property=\"og:description\" content=\"Kuzu derisinden \u00fcretilmi\u015ftir Biker ceket Astarl\u0131 Fermuarl\u0131 kapama \u00c7ift fermuarl\u0131 yan cep ve tek g\u00f6\u011f\u00fcs cepli Man\u015feti fermuarl\u0131 Omuz apoletli Seyyar kemer  Modelin \u00fczerindeki ceket L bedendir  Modelin \u00f6l\u00e7\u00fcleri: 193cm \/ 82kg\u00a0 Omuz:102cm\u00a0 Bel:83cm\" \/>\n<meta property=\"og:url\" content=\"https:\/\/gallico.shop\/en\/product\/clash-biker-jacket\/\" \/>\n<meta property=\"og:site_name\" content=\"Gallico\" \/>\n<meta property=\"article:modified_time\" content=\"2023-10-10T15:15:43+00:00\" \/>\n<meta property=\"og:image\" content=\"https:\/\/gallico.shop\/wp-content\/uploads\/2020\/10\/gallico-2020-39.jpg\" \/>\n\t<meta property=\"og:image:width\" content=\"1067\" \/>\n\t<meta property=\"og:image:height\" content=\"1600\" \/>\n<meta name=\"twitter:card\" content=\"summary_large_image\" \/>\n<script type=\"application\/ld+json\" class=\"yoast-schema-graph\">{\"@context\":\"https:\/\/schema.org\",\"@graph\":[{\"@type\":\"WebSite\",\"@id\":\"https:\/\/gallico.shop\/#website\",\"url\":\"https:\/\/gallico.shop\/\",\"name\":\"Gallico\",\"description\":\"Luxury Leather Apparels\",\"potentialAction\":[{\"@type\":\"SearchAction\",\"target\":{\"@type\":\"EntryPoint\",\"urlTemplate\":\"https:\/\/gallico.shop\/?s={search_term_string}\"},\"query-input\":\"required name=search_term_string\"}],\"inLanguage\":\"en-US\"},{\"@type\":\"ImageObject\",\"@id\":\"https:\/\/gallico.shop\/urun\/clash-biker-jacket\/#primaryimage\",\"inLanguage\":\"en-US\",\"url\":\"https:\/\/gallico.shop\/wp-content\/uploads\/2020\/10\/gallico-2020-39.jpg\",\"contentUrl\":\"https:\/\/gallico.shop\/wp-content\/uploads\/2020\/10\/gallico-2020-39.jpg\",\"width\":1067,\"height\":1600},{\"@type\":\"WebPage\",\"@id\":\"https:\/\/gallico.shop\/urun\/clash-biker-jacket\/#webpage\",\"url\":\"https:\/\/gallico.shop\/urun\/clash-biker-jacket\/\",\"name\":\"Clash Biker Jacket - Gallico\",\"isPartOf\":{\"@id\":\"https:\/\/gallico.shop\/#website\"},\"primaryImageOfPage\":{\"@id\":\"https:\/\/gallico.shop\/urun\/clash-biker-jacket\/#primaryimage\"},\"datePublished\":\"2020-10-08T06:43:53+00:00\",\"dateModified\":\"2023-10-10T15:15:43+00:00\",\"breadcrumb\":{\"@id\":\"https:\/\/gallico.shop\/urun\/clash-biker-jacket\/#breadcrumb\"},\"inLanguage\":\"en-US\",\"potentialAction\":[{\"@type\":\"ReadAction\",\"target\":[\"https:\/\/gallico.shop\/urun\/clash-biker-jacket\/\"]}]},{\"@type\":\"BreadcrumbList\",\"@id\":\"https:\/\/gallico.shop\/urun\/clash-biker-jacket\/#breadcrumb\",\"itemListElement\":[{\"@type\":\"ListItem\",\"position\":1,\"name\":\"Ana sayfa\",\"item\":\"https:\/\/gallico.shop\/\"},{\"@type\":\"ListItem\",\"position\":2,\"name\":\"Shop\",\"item\":\"https:\/\/gallico.shop\/shop\/\"},{\"@type\":\"ListItem\",\"position\":3,\"name\":\"Clash Biker Jacket\"}]}]}<\/script>\n<!-- \/ Yoast SEO plugin. -->","yoast_head_json":{"title":"Clash Biker Jacket - Gallico","robots":{"index":"index","follow":"follow","max-snippet":"max-snippet:-1","max-image-preview":"max-image-preview:large","max-video-preview":"max-video-preview:-1"},"canonical":"https:\/\/gallico.shop\/en\/product\/clash-biker-jacket\/","og_locale":"en_US","og_type":"article","og_title":"Clash Biker Jacket - Gallico","og_description":"Kuzu derisinden \u00fcretilmi\u015ftir Biker ceket Astarl\u0131 Fermuarl\u0131 kapama \u00c7ift fermuarl\u0131 yan cep ve tek g\u00f6\u011f\u00fcs cepli Man\u015feti fermuarl\u0131 Omuz apoletli Seyyar kemer  Modelin \u00fczerindeki ceket L bedendir  Modelin \u00f6l\u00e7\u00fcleri: 193cm \/ 82kg\u00a0 Omuz:102cm\u00a0 Bel:83cm","og_url":"https:\/\/gallico.shop\/en\/product\/clash-biker-jacket\/","og_site_name":"Gallico","article_modified_time":"2023-10-10T15:15:43+00:00","og_image":[{"width":1067,"height":1600,"url":"https:\/\/gallico.shop\/wp-content\/uploads\/2020\/10\/gallico-2020-39.jpg","type":"image\/jpeg"}],"twitter_card":"summary_large_image","schema":{"@context":"https:\/\/schema.org","@graph":[{"@type":"WebSite","@id":"https:\/\/gallico.shop\/#website","url":"https:\/\/gallico.shop\/","name":"Gallico","description":"Luxury Leather Apparels","potentialAction":[{"@type":"SearchAction","target":{"@type":"EntryPoint","urlTemplate":"https:\/\/gallico.shop\/?s={search_term_string}"},"query-input":"required name=search_term_string"}],"inLanguage":"en-US"},{"@type":"ImageObject","@id":"https:\/\/gallico.shop\/urun\/clash-biker-jacket\/#primaryimage","inLanguage":"en-US","url":"https:\/\/gallico.shop\/wp-content\/uploads\/2020\/10\/gallico-2020-39.jpg","contentUrl":"https:\/\/gallico.shop\/wp-content\/uploads\/2020\/10\/gallico-2020-39.jpg","width":1067,"height":1600},{"@type":"WebPage","@id":"https:\/\/gallico.shop\/urun\/clash-biker-jacket\/#webpage","url":"https:\/\/gallico.shop\/urun\/clash-biker-jacket\/","name":"Clash Biker Jacket - Gallico","isPartOf":{"@id":"https:\/\/gallico.shop\/#website"},"primaryImageOfPage":{"@id":"https:\/\/gallico.shop\/urun\/clash-biker-jacket\/#primaryimage"},"datePublished":"2020-10-08T06:43:53+00:00","dateModified":"2023-10-10T15:15:43+00:00","breadcrumb":{"@id":"https:\/\/gallico.shop\/urun\/clash-biker-jacket\/#breadcrumb"},"inLanguage":"en-US","potentialAction":[{"@type":"ReadAction","target":["https:\/\/gallico.shop\/urun\/clash-biker-jacket\/"]}]},{"@type":"BreadcrumbList","@id":"https:\/\/gallico.shop\/urun\/clash-biker-jacket\/#breadcrumb","itemListElement":[{"@type":"ListItem","position":1,"name":"Ana sayfa","item":"https:\/\/gallico.shop\/"},{"@type":"ListItem","position":2,"name":"Shop","item":"https:\/\/gallico.shop\/shop\/"},{"@type":"ListItem","position":3,"name":"Clash Biker Jacket"}]}]}},"_links":{"self":[{"href":"https:\/\/gallico.shop\/en\/wp-json\/wp\/v2\/product\/1986"}],"collection":[{"href":"https:\/\/gallico.shop\/en\/wp-json\/wp\/v2\/product"}],"about":[{"href":"https:\/\/gallico.shop\/en\/wp-json\/wp\/v2\/types\/product"}],"replies":[{"embeddable":true,"href":"https:\/\/gallico.shop\/en\/wp-json\/wp\/v2\/comments?post=1986"}],"wp:featuredmedia":[{"embeddable":true,"href":"https:\/\/gallico.shop\/en\/wp-json\/wp\/v2\/media\/1669"}],"wp:attachment":[{"href":"https:\/\/gallico.shop\/en\/wp-json\/wp\/v2\/media?parent=1986"}],"wp:term":[{"taxonomy":"product_cat","embeddable":true,"href":"https:\/\/gallico.shop\/en\/wp-json\/wp\/v2\/product_cat?post=1986"},{"taxonomy":"product_tag","embeddable":true,"href":"https:\/\/gallico.shop\/en\/wp-json\/wp\/v2\/product_tag?post=1986"}],"curies":[{"name":"wp","href":"https:\/\/api.w.org\/{rel}","templated":true}]}}