{"id":1925,"date":"2020-10-07T19:23:05","date_gmt":"2020-10-07T16:23:05","guid":{"rendered":"http:\/\/89.252.131.128\/?post_type=product&#038;p=1925"},"modified":"2023-10-10T18:18:04","modified_gmt":"2023-10-10T15:18:04","slug":"athena-biker-jacket","status":"publish","type":"product","link":"https:\/\/gallico.shop\/en\/product\/athena-biker-jacket\/","title":{"rendered":"Athena Biker Jakcet"},"content":{"rendered":"<p>Outer<br \/>\n100% Sheep Leather<\/p>\n<p>Lining<br \/>\n100% Asetat Twill<\/p>\n<p class=\" translation-block\">DO NOT WASH<br>\nDO NOT BLEACH<br>\nDO NOT IRON<br>\nDO NOT DRY CLEAN<br>\nDO NOT TUMBLE DRY<br>\nSPECIALIST CLEANING ONLY<\/p>","protected":false},"excerpt":{"rendered":"<p class=\" translation-block\">Made from lamb leather<br>\nPrinted biker jacket with stud detail<br>\nSlim fit<br>\nLined<br>\nZip fastening<br>\nTwo zipped side pockets<br>\nSingle flap pocket<br>\nZipped cuffs<br><\/p>\n<p>Model is wearing size S<\/p>\n<p>Model Measurements: Height: 1.78 Weight:  50\u00a0Chest: 80\u00a0 Waist: 60\u00a0 Hip: 88<\/p>","protected":false},"featured_media":1756,"comment_status":"open","ping_status":"closed","template":"","meta":{"spay_email":""},"product_cat":[119,161,117],"product_tag":[],"yoast_head":"<!-- This site is optimized with the Yoast SEO plugin v17.6 - https:\/\/yoast.com\/wordpress\/plugins\/seo\/ -->\n<title>Athena Biker Jakcet - Gallico<\/title>\n<meta name=\"robots\" content=\"index, follow, max-snippet:-1, max-image-preview:large, max-video-preview:-1\" \/>\n<link rel=\"canonical\" href=\"https:\/\/gallico.shop\/en\/product\/athena-biker-jacket\/\" \/>\n<meta property=\"og:locale\" content=\"en_US\" \/>\n<meta property=\"og:type\" content=\"article\" \/>\n<meta property=\"og:title\" content=\"Athena Biker Jakcet - Gallico\" \/>\n<meta property=\"og:description\" content=\"Kuzu derisinden \u00fcretilmi\u015ftir Dijital bask\u0131 ve rivet detayl\u0131 biker ceket Slim fit Astarl\u0131 Fermuarl\u0131 kapama Fermuarl\u0131 yan cep ve tek g\u00f6\u011f\u00fcs cepli Tek kapakl\u0131 cep Kol y\u0131rtmac\u0131 fermuarl\u0131  Modelin \u00fczerindeki beden S bedendir  Modelin \u00f6l\u00e7\u00fcleri: 178cm \/ 50kg\u00a0 G\u00f6\u011f\u00fcs:80cm\u00a0 Bel:60cm\u00a0 Basen:88cm\" \/>\n<meta property=\"og:url\" content=\"https:\/\/gallico.shop\/en\/product\/athena-biker-jacket\/\" \/>\n<meta property=\"og:site_name\" content=\"Gallico\" \/>\n<meta property=\"article:modified_time\" content=\"2023-10-10T15:18:04+00:00\" \/>\n<meta property=\"og:image\" content=\"https:\/\/gallico.shop\/wp-content\/uploads\/2020\/10\/gallico-2020-124.jpg\" \/>\n\t<meta property=\"og:image:width\" content=\"1069\" \/>\n\t<meta property=\"og:image:height\" content=\"1600\" \/>\n<meta name=\"twitter:card\" content=\"summary_large_image\" \/>\n<script type=\"application\/ld+json\" class=\"yoast-schema-graph\">{\"@context\":\"https:\/\/schema.org\",\"@graph\":[{\"@type\":\"WebSite\",\"@id\":\"https:\/\/gallico.shop\/#website\",\"url\":\"https:\/\/gallico.shop\/\",\"name\":\"Gallico\",\"description\":\"Luxury Leather Apparels\",\"potentialAction\":[{\"@type\":\"SearchAction\",\"target\":{\"@type\":\"EntryPoint\",\"urlTemplate\":\"https:\/\/gallico.shop\/?s={search_term_string}\"},\"query-input\":\"required name=search_term_string\"}],\"inLanguage\":\"en-US\"},{\"@type\":\"ImageObject\",\"@id\":\"https:\/\/gallico.shop\/urun\/athena-biker-jacket\/#primaryimage\",\"inLanguage\":\"en-US\",\"url\":\"https:\/\/gallico.shop\/wp-content\/uploads\/2020\/10\/gallico-2020-124.jpg\",\"contentUrl\":\"https:\/\/gallico.shop\/wp-content\/uploads\/2020\/10\/gallico-2020-124.jpg\",\"width\":1069,\"height\":1600},{\"@type\":\"WebPage\",\"@id\":\"https:\/\/gallico.shop\/urun\/athena-biker-jacket\/#webpage\",\"url\":\"https:\/\/gallico.shop\/urun\/athena-biker-jacket\/\",\"name\":\"Athena Biker Jakcet - Gallico\",\"isPartOf\":{\"@id\":\"https:\/\/gallico.shop\/#website\"},\"primaryImageOfPage\":{\"@id\":\"https:\/\/gallico.shop\/urun\/athena-biker-jacket\/#primaryimage\"},\"datePublished\":\"2020-10-07T16:23:05+00:00\",\"dateModified\":\"2023-10-10T15:18:04+00:00\",\"breadcrumb\":{\"@id\":\"https:\/\/gallico.shop\/urun\/athena-biker-jacket\/#breadcrumb\"},\"inLanguage\":\"en-US\",\"potentialAction\":[{\"@type\":\"ReadAction\",\"target\":[\"https:\/\/gallico.shop\/urun\/athena-biker-jacket\/\"]}]},{\"@type\":\"BreadcrumbList\",\"@id\":\"https:\/\/gallico.shop\/urun\/athena-biker-jacket\/#breadcrumb\",\"itemListElement\":[{\"@type\":\"ListItem\",\"position\":1,\"name\":\"Ana sayfa\",\"item\":\"https:\/\/gallico.shop\/\"},{\"@type\":\"ListItem\",\"position\":2,\"name\":\"Shop\",\"item\":\"https:\/\/gallico.shop\/shop\/\"},{\"@type\":\"ListItem\",\"position\":3,\"name\":\"Athena Biker Jakcet\"}]}]}<\/script>\n<!-- \/ Yoast SEO plugin. -->","yoast_head_json":{"title":"Athena Biker Jakcet - Gallico","robots":{"index":"index","follow":"follow","max-snippet":"max-snippet:-1","max-image-preview":"max-image-preview:large","max-video-preview":"max-video-preview:-1"},"canonical":"https:\/\/gallico.shop\/en\/product\/athena-biker-jacket\/","og_locale":"en_US","og_type":"article","og_title":"Athena Biker Jakcet - Gallico","og_description":"Kuzu derisinden \u00fcretilmi\u015ftir Dijital bask\u0131 ve rivet detayl\u0131 biker ceket Slim fit Astarl\u0131 Fermuarl\u0131 kapama Fermuarl\u0131 yan cep ve tek g\u00f6\u011f\u00fcs cepli Tek kapakl\u0131 cep Kol y\u0131rtmac\u0131 fermuarl\u0131  Modelin \u00fczerindeki beden S bedendir  Modelin \u00f6l\u00e7\u00fcleri: 178cm \/ 50kg\u00a0 G\u00f6\u011f\u00fcs:80cm\u00a0 Bel:60cm\u00a0 Basen:88cm","og_url":"https:\/\/gallico.shop\/en\/product\/athena-biker-jacket\/","og_site_name":"Gallico","article_modified_time":"2023-10-10T15:18:04+00:00","og_image":[{"width":1069,"height":1600,"url":"https:\/\/gallico.shop\/wp-content\/uploads\/2020\/10\/gallico-2020-124.jpg","type":"image\/jpeg"}],"twitter_card":"summary_large_image","schema":{"@context":"https:\/\/schema.org","@graph":[{"@type":"WebSite","@id":"https:\/\/gallico.shop\/#website","url":"https:\/\/gallico.shop\/","name":"Gallico","description":"Luxury Leather Apparels","potentialAction":[{"@type":"SearchAction","target":{"@type":"EntryPoint","urlTemplate":"https:\/\/gallico.shop\/?s={search_term_string}"},"query-input":"required name=search_term_string"}],"inLanguage":"en-US"},{"@type":"ImageObject","@id":"https:\/\/gallico.shop\/urun\/athena-biker-jacket\/#primaryimage","inLanguage":"en-US","url":"https:\/\/gallico.shop\/wp-content\/uploads\/2020\/10\/gallico-2020-124.jpg","contentUrl":"https:\/\/gallico.shop\/wp-content\/uploads\/2020\/10\/gallico-2020-124.jpg","width":1069,"height":1600},{"@type":"WebPage","@id":"https:\/\/gallico.shop\/urun\/athena-biker-jacket\/#webpage","url":"https:\/\/gallico.shop\/urun\/athena-biker-jacket\/","name":"Athena Biker Jakcet - Gallico","isPartOf":{"@id":"https:\/\/gallico.shop\/#website"},"primaryImageOfPage":{"@id":"https:\/\/gallico.shop\/urun\/athena-biker-jacket\/#primaryimage"},"datePublished":"2020-10-07T16:23:05+00:00","dateModified":"2023-10-10T15:18:04+00:00","breadcrumb":{"@id":"https:\/\/gallico.shop\/urun\/athena-biker-jacket\/#breadcrumb"},"inLanguage":"en-US","potentialAction":[{"@type":"ReadAction","target":["https:\/\/gallico.shop\/urun\/athena-biker-jacket\/"]}]},{"@type":"BreadcrumbList","@id":"https:\/\/gallico.shop\/urun\/athena-biker-jacket\/#breadcrumb","itemListElement":[{"@type":"ListItem","position":1,"name":"Ana sayfa","item":"https:\/\/gallico.shop\/"},{"@type":"ListItem","position":2,"name":"Shop","item":"https:\/\/gallico.shop\/shop\/"},{"@type":"ListItem","position":3,"name":"Athena Biker Jakcet"}]}]}},"_links":{"self":[{"href":"https:\/\/gallico.shop\/en\/wp-json\/wp\/v2\/product\/1925"}],"collection":[{"href":"https:\/\/gallico.shop\/en\/wp-json\/wp\/v2\/product"}],"about":[{"href":"https:\/\/gallico.shop\/en\/wp-json\/wp\/v2\/types\/product"}],"replies":[{"embeddable":true,"href":"https:\/\/gallico.shop\/en\/wp-json\/wp\/v2\/comments?post=1925"}],"wp:featuredmedia":[{"embeddable":true,"href":"https:\/\/gallico.shop\/en\/wp-json\/wp\/v2\/media\/1756"}],"wp:attachment":[{"href":"https:\/\/gallico.shop\/en\/wp-json\/wp\/v2\/media?parent=1925"}],"wp:term":[{"taxonomy":"product_cat","embeddable":true,"href":"https:\/\/gallico.shop\/en\/wp-json\/wp\/v2\/product_cat?post=1925"},{"taxonomy":"product_tag","embeddable":true,"href":"https:\/\/gallico.shop\/en\/wp-json\/wp\/v2\/product_tag?post=1925"}],"curies":[{"name":"wp","href":"https:\/\/api.w.org\/{rel}","templated":true}]}}