{"id":1546,"date":"2020-10-05T16:54:06","date_gmt":"2020-10-05T13:54:06","guid":{"rendered":"http:\/\/89.252.131.128\/?post_type=product&#038;p=1546"},"modified":"2026-04-15T04:14:51","modified_gmt":"2026-04-15T01:14:51","slug":"solid-blazer","status":"publish","type":"product","link":"https:\/\/gallico.shop\/en\/product\/solid-blazer\/","title":{"rendered":"Solid Blazer"},"content":{"rendered":"<p>Outer<br \/>\n100% Sheep Leather<\/p>\n<p>Lining<br \/>\n100% Asetat Twill<\/p>\n<p class=\" translation-block\">DO NOT WASH<br>\nDO NOT BLEACH<br>\nDO NOT IRON<br>\nDO NOT DRY CLEAN<br>\nDO NOT TUMBLE DRY<br>\nSPECIALIST CLEANING ONLY<\/p>","protected":false},"excerpt":{"rendered":"<p class=\" translation-block\">Made from sheepskin<br>\nBlazer Jacket<br>\nOversize <br>\nLined<br>\nButtoned fastening<br>\nFront flap pockets and single chest pocket<\/p>\n<p>Model is wearing size M<\/p>\n<p>Model Measurements: Height: 1.78 Weight:  50\u00a0Chest: 80\u00a0 Waist: 60\u00a0 Hip: 88<\/p>\n<p>&nbsp;<\/p>","protected":false},"featured_media":1337,"comment_status":"open","ping_status":"closed","template":"","meta":{"spay_email":""},"product_cat":[119,115],"product_tag":[],"yoast_head":"<!-- This site is optimized with the Yoast SEO plugin v17.6 - https:\/\/yoast.com\/wordpress\/plugins\/seo\/ -->\n<title>Solid Blazer - Gallico<\/title>\n<meta name=\"robots\" content=\"index, follow, max-snippet:-1, max-image-preview:large, max-video-preview:-1\" \/>\n<link rel=\"canonical\" href=\"https:\/\/gallico.shop\/en\/product\/solid-blazer\/\" \/>\n<meta property=\"og:locale\" content=\"en_US\" \/>\n<meta property=\"og:type\" content=\"article\" \/>\n<meta property=\"og:title\" content=\"Solid Blazer - Gallico\" \/>\n<meta property=\"og:description\" content=\"Kuzu derisinden \u00fcretilmi\u015ftir Blazer ceket Oversize Astarl\u0131 D\u00fc\u011fme kapama Kapakl\u0131 \u00f6n cep ve tek fletolu g\u00f6\u011f\u00fcs cebi  Modelin \u00fczerindeki \u00fcr\u00fcn M bedendir.  Modelin \u00f6l\u00e7\u00fcleri: 178cm \/ 50kg\u00a0 G\u00f6\u011f\u00fcs:80cm\u00a0 Bel:60cm\u00a0 Basen:88cm  &nbsp;\" \/>\n<meta property=\"og:url\" content=\"https:\/\/gallico.shop\/en\/product\/solid-blazer\/\" \/>\n<meta property=\"og:site_name\" content=\"Gallico\" \/>\n<meta property=\"article:modified_time\" content=\"2026-04-15T01:14:51+00:00\" \/>\n<meta property=\"og:image\" content=\"https:\/\/gallico.shop\/wp-content\/uploads\/2020\/10\/3.jpg\" \/>\n\t<meta property=\"og:image:width\" content=\"1067\" \/>\n\t<meta property=\"og:image:height\" content=\"1600\" \/>\n<meta name=\"twitter:card\" content=\"summary_large_image\" \/>\n<script type=\"application\/ld+json\" class=\"yoast-schema-graph\">{\"@context\":\"https:\/\/schema.org\",\"@graph\":[{\"@type\":\"WebSite\",\"@id\":\"https:\/\/gallico.shop\/#website\",\"url\":\"https:\/\/gallico.shop\/\",\"name\":\"Gallico\",\"description\":\"Luxury Leather Apparels\",\"potentialAction\":[{\"@type\":\"SearchAction\",\"target\":{\"@type\":\"EntryPoint\",\"urlTemplate\":\"https:\/\/gallico.shop\/?s={search_term_string}\"},\"query-input\":\"required name=search_term_string\"}],\"inLanguage\":\"en-US\"},{\"@type\":\"ImageObject\",\"@id\":\"https:\/\/gallico.shop\/urun\/solid-blazer\/#primaryimage\",\"inLanguage\":\"en-US\",\"url\":\"https:\/\/gallico.shop\/wp-content\/uploads\/2020\/10\/3.jpg\",\"contentUrl\":\"https:\/\/gallico.shop\/wp-content\/uploads\/2020\/10\/3.jpg\",\"width\":1067,\"height\":1600},{\"@type\":\"WebPage\",\"@id\":\"https:\/\/gallico.shop\/urun\/solid-blazer\/#webpage\",\"url\":\"https:\/\/gallico.shop\/urun\/solid-blazer\/\",\"name\":\"Solid Blazer - Gallico\",\"isPartOf\":{\"@id\":\"https:\/\/gallico.shop\/#website\"},\"primaryImageOfPage\":{\"@id\":\"https:\/\/gallico.shop\/urun\/solid-blazer\/#primaryimage\"},\"datePublished\":\"2020-10-05T13:54:06+00:00\",\"dateModified\":\"2026-04-15T01:14:51+00:00\",\"breadcrumb\":{\"@id\":\"https:\/\/gallico.shop\/urun\/solid-blazer\/#breadcrumb\"},\"inLanguage\":\"en-US\",\"potentialAction\":[{\"@type\":\"ReadAction\",\"target\":[\"https:\/\/gallico.shop\/urun\/solid-blazer\/\"]}]},{\"@type\":\"BreadcrumbList\",\"@id\":\"https:\/\/gallico.shop\/urun\/solid-blazer\/#breadcrumb\",\"itemListElement\":[{\"@type\":\"ListItem\",\"position\":1,\"name\":\"Ana sayfa\",\"item\":\"https:\/\/gallico.shop\/\"},{\"@type\":\"ListItem\",\"position\":2,\"name\":\"Shop\",\"item\":\"https:\/\/gallico.shop\/shop\/\"},{\"@type\":\"ListItem\",\"position\":3,\"name\":\"Solid Blazer\"}]}]}<\/script>\n<!-- \/ Yoast SEO plugin. -->","yoast_head_json":{"title":"Solid Blazer - Gallico","robots":{"index":"index","follow":"follow","max-snippet":"max-snippet:-1","max-image-preview":"max-image-preview:large","max-video-preview":"max-video-preview:-1"},"canonical":"https:\/\/gallico.shop\/en\/product\/solid-blazer\/","og_locale":"en_US","og_type":"article","og_title":"Solid Blazer - Gallico","og_description":"Kuzu derisinden \u00fcretilmi\u015ftir Blazer ceket Oversize Astarl\u0131 D\u00fc\u011fme kapama Kapakl\u0131 \u00f6n cep ve tek fletolu g\u00f6\u011f\u00fcs cebi  Modelin \u00fczerindeki \u00fcr\u00fcn M bedendir.  Modelin \u00f6l\u00e7\u00fcleri: 178cm \/ 50kg\u00a0 G\u00f6\u011f\u00fcs:80cm\u00a0 Bel:60cm\u00a0 Basen:88cm  &nbsp;","og_url":"https:\/\/gallico.shop\/en\/product\/solid-blazer\/","og_site_name":"Gallico","article_modified_time":"2026-04-15T01:14:51+00:00","og_image":[{"width":1067,"height":1600,"url":"https:\/\/gallico.shop\/wp-content\/uploads\/2020\/10\/3.jpg","type":"image\/jpeg"}],"twitter_card":"summary_large_image","schema":{"@context":"https:\/\/schema.org","@graph":[{"@type":"WebSite","@id":"https:\/\/gallico.shop\/#website","url":"https:\/\/gallico.shop\/","name":"Gallico","description":"Luxury Leather Apparels","potentialAction":[{"@type":"SearchAction","target":{"@type":"EntryPoint","urlTemplate":"https:\/\/gallico.shop\/?s={search_term_string}"},"query-input":"required name=search_term_string"}],"inLanguage":"en-US"},{"@type":"ImageObject","@id":"https:\/\/gallico.shop\/urun\/solid-blazer\/#primaryimage","inLanguage":"en-US","url":"https:\/\/gallico.shop\/wp-content\/uploads\/2020\/10\/3.jpg","contentUrl":"https:\/\/gallico.shop\/wp-content\/uploads\/2020\/10\/3.jpg","width":1067,"height":1600},{"@type":"WebPage","@id":"https:\/\/gallico.shop\/urun\/solid-blazer\/#webpage","url":"https:\/\/gallico.shop\/urun\/solid-blazer\/","name":"Solid Blazer - Gallico","isPartOf":{"@id":"https:\/\/gallico.shop\/#website"},"primaryImageOfPage":{"@id":"https:\/\/gallico.shop\/urun\/solid-blazer\/#primaryimage"},"datePublished":"2020-10-05T13:54:06+00:00","dateModified":"2026-04-15T01:14:51+00:00","breadcrumb":{"@id":"https:\/\/gallico.shop\/urun\/solid-blazer\/#breadcrumb"},"inLanguage":"en-US","potentialAction":[{"@type":"ReadAction","target":["https:\/\/gallico.shop\/urun\/solid-blazer\/"]}]},{"@type":"BreadcrumbList","@id":"https:\/\/gallico.shop\/urun\/solid-blazer\/#breadcrumb","itemListElement":[{"@type":"ListItem","position":1,"name":"Ana sayfa","item":"https:\/\/gallico.shop\/"},{"@type":"ListItem","position":2,"name":"Shop","item":"https:\/\/gallico.shop\/shop\/"},{"@type":"ListItem","position":3,"name":"Solid Blazer"}]}]}},"_links":{"self":[{"href":"https:\/\/gallico.shop\/en\/wp-json\/wp\/v2\/product\/1546"}],"collection":[{"href":"https:\/\/gallico.shop\/en\/wp-json\/wp\/v2\/product"}],"about":[{"href":"https:\/\/gallico.shop\/en\/wp-json\/wp\/v2\/types\/product"}],"replies":[{"embeddable":true,"href":"https:\/\/gallico.shop\/en\/wp-json\/wp\/v2\/comments?post=1546"}],"wp:featuredmedia":[{"embeddable":true,"href":"https:\/\/gallico.shop\/en\/wp-json\/wp\/v2\/media\/1337"}],"wp:attachment":[{"href":"https:\/\/gallico.shop\/en\/wp-json\/wp\/v2\/media?parent=1546"}],"wp:term":[{"taxonomy":"product_cat","embeddable":true,"href":"https:\/\/gallico.shop\/en\/wp-json\/wp\/v2\/product_cat?post=1546"},{"taxonomy":"product_tag","embeddable":true,"href":"https:\/\/gallico.shop\/en\/wp-json\/wp\/v2\/product_tag?post=1546"}],"curies":[{"name":"wp","href":"https:\/\/api.w.org\/{rel}","templated":true}]}}