{"id":13105,"date":"2021-11-03T21:11:01","date_gmt":"2021-11-03T18:11:01","guid":{"rendered":"https:\/\/gallico.shop\/?post_type=product&#038;p=13105"},"modified":"2023-07-10T16:12:03","modified_gmt":"2023-07-10T13:12:03","slug":"cora-biker-jacket","status":"publish","type":"product","link":"https:\/\/gallico.shop\/en\/product\/cora-biker-jacket\/","title":{"rendered":"Cora Biker Jacket"},"content":{"rendered":"<p>Outer<br \/>\n100% Sheep Leather<\/p>\n<p>Lining<br \/>\n100% Asetat Twill<\/p>\n<p class=\" translation-block\">DO NOT WASH<br>\nDO NOT BLEACH<br>\nDO NOT IRON<br>\nDO NOT DRY CLEAN<br>\nDO NOT TUMBLE DRY<br>\nSPECIALIST CLEANING ONLY<\/p>","protected":false},"excerpt":{"rendered":"<p>Made from lamb leather<br \/>\nRivet detayl\u0131 biker ceket<br \/>\nKollar\u0131 ve s\u0131rt\u0131 ba\u011fc\u0131k detayl\u0131<br \/>\nOversize fit<br \/>\nLined<br \/>\nFermuarl\u0131 kapama<br \/>\nTwo zipped side pockets and zipped chest pocket<br \/>\nSingle flap pocket<br \/>\nZipped cuffs<br \/>\nOmuz apoletli<br \/>\nSeyyar kemer<\/p>\n<p>Model is wearing size S<\/p>\n<p>Modelin \u00f6l\u00e7\u00fcleri: 180cm \/ 57kg\u00a0 G\u00f6\u011f\u00fcs:85cm\u00a0 Bel:63cm\u00a0 Basen:92cm<\/p>","protected":false},"featured_media":13026,"comment_status":"open","ping_status":"closed","template":"","meta":{"spay_email":""},"product_cat":[119,161,117],"product_tag":[],"yoast_head":"<!-- This site is optimized with the Yoast SEO plugin v17.6 - https:\/\/yoast.com\/wordpress\/plugins\/seo\/ -->\n<title>Cora Biker Jacket - Gallico<\/title>\n<meta name=\"robots\" content=\"index, follow, max-snippet:-1, max-image-preview:large, max-video-preview:-1\" \/>\n<link rel=\"canonical\" href=\"https:\/\/gallico.shop\/en\/product\/cora-biker-jacket\/\" \/>\n<meta property=\"og:locale\" content=\"en_US\" \/>\n<meta property=\"og:type\" content=\"article\" \/>\n<meta property=\"og:title\" content=\"Cora Biker Jacket - Gallico\" \/>\n<meta property=\"og:description\" content=\"Kuzu derisinden \u00fcretilmi\u015ftir Rivet detayl\u0131 biker ceket Kollar\u0131 ve s\u0131rt\u0131 ba\u011fc\u0131k detayl\u0131 Oversize fit Astarl\u0131 Fermuarl\u0131 kapama Fermuarl\u0131 yan cep ve tek g\u00f6\u011f\u00fcs cepli Tek kapakl\u0131 cep Kol y\u0131rtmac\u0131 fermuarl\u0131 Omuz apoletli Seyyar kemer  Modelin \u00fczerindeki \u00fcr\u00fcn S bedendir  Modelin \u00f6l\u00e7\u00fcleri: 180cm \/ 57kg\u00a0 G\u00f6\u011f\u00fcs:85cm\u00a0 Bel:63cm\u00a0 Basen:92cm\" \/>\n<meta property=\"og:url\" content=\"https:\/\/gallico.shop\/en\/product\/cora-biker-jacket\/\" \/>\n<meta property=\"og:site_name\" content=\"Gallico\" \/>\n<meta property=\"article:modified_time\" content=\"2023-07-10T13:12:03+00:00\" \/>\n<meta property=\"og:image\" content=\"https:\/\/gallico.shop\/wp-content\/uploads\/2021\/11\/IMG_6598--scaled.jpg\" \/>\n\t<meta property=\"og:image:width\" content=\"1707\" \/>\n\t<meta property=\"og:image:height\" content=\"2560\" \/>\n<meta name=\"twitter:card\" content=\"summary_large_image\" \/>\n<meta name=\"twitter:label1\" content=\"Est. reading time\" \/>\n\t<meta name=\"twitter:data1\" content=\"1 minute\" \/>\n<script type=\"application\/ld+json\" class=\"yoast-schema-graph\">{\"@context\":\"https:\/\/schema.org\",\"@graph\":[{\"@type\":\"WebSite\",\"@id\":\"https:\/\/gallico.shop\/#website\",\"url\":\"https:\/\/gallico.shop\/\",\"name\":\"Gallico\",\"description\":\"Luxury Leather Apparels\",\"potentialAction\":[{\"@type\":\"SearchAction\",\"target\":{\"@type\":\"EntryPoint\",\"urlTemplate\":\"https:\/\/gallico.shop\/?s={search_term_string}\"},\"query-input\":\"required name=search_term_string\"}],\"inLanguage\":\"en-US\"},{\"@type\":\"ImageObject\",\"@id\":\"https:\/\/gallico.shop\/urun\/cora-biker-jacket\/#primaryimage\",\"inLanguage\":\"en-US\",\"url\":\"https:\/\/gallico.shop\/wp-content\/uploads\/2021\/11\/IMG_6598--scaled.jpg\",\"contentUrl\":\"https:\/\/gallico.shop\/wp-content\/uploads\/2021\/11\/IMG_6598--scaled.jpg\",\"width\":1707,\"height\":2560},{\"@type\":\"WebPage\",\"@id\":\"https:\/\/gallico.shop\/urun\/cora-biker-jacket\/#webpage\",\"url\":\"https:\/\/gallico.shop\/urun\/cora-biker-jacket\/\",\"name\":\"Cora Biker Jacket - Gallico\",\"isPartOf\":{\"@id\":\"https:\/\/gallico.shop\/#website\"},\"primaryImageOfPage\":{\"@id\":\"https:\/\/gallico.shop\/urun\/cora-biker-jacket\/#primaryimage\"},\"datePublished\":\"2021-11-03T18:11:01+00:00\",\"dateModified\":\"2023-07-10T13:12:03+00:00\",\"breadcrumb\":{\"@id\":\"https:\/\/gallico.shop\/urun\/cora-biker-jacket\/#breadcrumb\"},\"inLanguage\":\"en-US\",\"potentialAction\":[{\"@type\":\"ReadAction\",\"target\":[\"https:\/\/gallico.shop\/urun\/cora-biker-jacket\/\"]}]},{\"@type\":\"BreadcrumbList\",\"@id\":\"https:\/\/gallico.shop\/urun\/cora-biker-jacket\/#breadcrumb\",\"itemListElement\":[{\"@type\":\"ListItem\",\"position\":1,\"name\":\"Ana sayfa\",\"item\":\"https:\/\/gallico.shop\/\"},{\"@type\":\"ListItem\",\"position\":2,\"name\":\"Shop\",\"item\":\"https:\/\/gallico.shop\/shop\/\"},{\"@type\":\"ListItem\",\"position\":3,\"name\":\"Cora Biker Jacket\"}]}]}<\/script>\n<!-- \/ Yoast SEO plugin. -->","yoast_head_json":{"title":"Cora Biker Jacket - Gallico","robots":{"index":"index","follow":"follow","max-snippet":"max-snippet:-1","max-image-preview":"max-image-preview:large","max-video-preview":"max-video-preview:-1"},"canonical":"https:\/\/gallico.shop\/en\/product\/cora-biker-jacket\/","og_locale":"en_US","og_type":"article","og_title":"Cora Biker Jacket - Gallico","og_description":"Kuzu derisinden \u00fcretilmi\u015ftir Rivet detayl\u0131 biker ceket Kollar\u0131 ve s\u0131rt\u0131 ba\u011fc\u0131k detayl\u0131 Oversize fit Astarl\u0131 Fermuarl\u0131 kapama Fermuarl\u0131 yan cep ve tek g\u00f6\u011f\u00fcs cepli Tek kapakl\u0131 cep Kol y\u0131rtmac\u0131 fermuarl\u0131 Omuz apoletli Seyyar kemer  Modelin \u00fczerindeki \u00fcr\u00fcn S bedendir  Modelin \u00f6l\u00e7\u00fcleri: 180cm \/ 57kg\u00a0 G\u00f6\u011f\u00fcs:85cm\u00a0 Bel:63cm\u00a0 Basen:92cm","og_url":"https:\/\/gallico.shop\/en\/product\/cora-biker-jacket\/","og_site_name":"Gallico","article_modified_time":"2023-07-10T13:12:03+00:00","og_image":[{"width":1707,"height":2560,"url":"https:\/\/gallico.shop\/wp-content\/uploads\/2021\/11\/IMG_6598--scaled.jpg","type":"image\/jpeg"}],"twitter_card":"summary_large_image","twitter_misc":{"Est. reading time":"1 minute"},"schema":{"@context":"https:\/\/schema.org","@graph":[{"@type":"WebSite","@id":"https:\/\/gallico.shop\/#website","url":"https:\/\/gallico.shop\/","name":"Gallico","description":"Luxury Leather Apparels","potentialAction":[{"@type":"SearchAction","target":{"@type":"EntryPoint","urlTemplate":"https:\/\/gallico.shop\/?s={search_term_string}"},"query-input":"required name=search_term_string"}],"inLanguage":"en-US"},{"@type":"ImageObject","@id":"https:\/\/gallico.shop\/urun\/cora-biker-jacket\/#primaryimage","inLanguage":"en-US","url":"https:\/\/gallico.shop\/wp-content\/uploads\/2021\/11\/IMG_6598--scaled.jpg","contentUrl":"https:\/\/gallico.shop\/wp-content\/uploads\/2021\/11\/IMG_6598--scaled.jpg","width":1707,"height":2560},{"@type":"WebPage","@id":"https:\/\/gallico.shop\/urun\/cora-biker-jacket\/#webpage","url":"https:\/\/gallico.shop\/urun\/cora-biker-jacket\/","name":"Cora Biker Jacket - Gallico","isPartOf":{"@id":"https:\/\/gallico.shop\/#website"},"primaryImageOfPage":{"@id":"https:\/\/gallico.shop\/urun\/cora-biker-jacket\/#primaryimage"},"datePublished":"2021-11-03T18:11:01+00:00","dateModified":"2023-07-10T13:12:03+00:00","breadcrumb":{"@id":"https:\/\/gallico.shop\/urun\/cora-biker-jacket\/#breadcrumb"},"inLanguage":"en-US","potentialAction":[{"@type":"ReadAction","target":["https:\/\/gallico.shop\/urun\/cora-biker-jacket\/"]}]},{"@type":"BreadcrumbList","@id":"https:\/\/gallico.shop\/urun\/cora-biker-jacket\/#breadcrumb","itemListElement":[{"@type":"ListItem","position":1,"name":"Ana sayfa","item":"https:\/\/gallico.shop\/"},{"@type":"ListItem","position":2,"name":"Shop","item":"https:\/\/gallico.shop\/shop\/"},{"@type":"ListItem","position":3,"name":"Cora Biker Jacket"}]}]}},"_links":{"self":[{"href":"https:\/\/gallico.shop\/en\/wp-json\/wp\/v2\/product\/13105"}],"collection":[{"href":"https:\/\/gallico.shop\/en\/wp-json\/wp\/v2\/product"}],"about":[{"href":"https:\/\/gallico.shop\/en\/wp-json\/wp\/v2\/types\/product"}],"replies":[{"embeddable":true,"href":"https:\/\/gallico.shop\/en\/wp-json\/wp\/v2\/comments?post=13105"}],"wp:featuredmedia":[{"embeddable":true,"href":"https:\/\/gallico.shop\/en\/wp-json\/wp\/v2\/media\/13026"}],"wp:attachment":[{"href":"https:\/\/gallico.shop\/en\/wp-json\/wp\/v2\/media?parent=13105"}],"wp:term":[{"taxonomy":"product_cat","embeddable":true,"href":"https:\/\/gallico.shop\/en\/wp-json\/wp\/v2\/product_cat?post=13105"},{"taxonomy":"product_tag","embeddable":true,"href":"https:\/\/gallico.shop\/en\/wp-json\/wp\/v2\/product_tag?post=13105"}],"curies":[{"name":"wp","href":"https:\/\/api.w.org\/{rel}","templated":true}]}}