{"id":12326,"date":"2021-02-10T17:51:55","date_gmt":"2021-02-10T14:51:55","guid":{"rendered":"https:\/\/gallico.shop\/?post_type=product&#038;p=12326"},"modified":"2023-10-10T18:17:32","modified_gmt":"2023-10-10T15:17:32","slug":"boxy-deri-bustiyer","status":"publish","type":"product","link":"https:\/\/gallico.shop\/en\/product\/boxy-deri-bustiyer\/","title":{"rendered":"Boxy Leather Top"},"content":{"rendered":"<p>Outer<br \/>\n100% Sheep Leather<\/p>\n<p>Lining<br \/>\n100% Koton<\/p>\n<p class=\" translation-block\">DO NOT WASH<br>\nDO NOT BLEACH<br>\nDO NOT IRON<br>\nDO NOT DRY CLEAN<br>\nDO NOT TUMBLE DRY<br>\nSPECIALIST CLEANING ONLY<\/p>","protected":false},"excerpt":{"rendered":"<p>Made from lamb leather<br \/>\nLined<br \/>\nArkas\u0131 fermuar kapamal\u0131<\/p>\n<p>Model is wearing size XS<\/p>\n<p>Modelin \u00f6l\u00e7\u00fcleri: 170cm \/ 50kg\u00a0 G\u00f6\u011f\u00fcs:79cm\u00a0 Bel:63cm\u00a0 Basen:90cm<\/p>\n<p>&nbsp;<\/p>","protected":false},"featured_media":12200,"comment_status":"open","ping_status":"closed","template":"","meta":{"spay_email":""},"product_cat":[119,179],"product_tag":[],"yoast_head":"<!-- This site is optimized with the Yoast SEO plugin v17.6 - https:\/\/yoast.com\/wordpress\/plugins\/seo\/ -->\n<title>Boxy Leather Top - Gallico<\/title>\n<meta name=\"robots\" content=\"index, follow, max-snippet:-1, max-image-preview:large, max-video-preview:-1\" \/>\n<link rel=\"canonical\" href=\"https:\/\/gallico.shop\/en\/product\/boxy-deri-bustiyer\/\" \/>\n<meta property=\"og:locale\" content=\"en_US\" \/>\n<meta property=\"og:type\" content=\"article\" \/>\n<meta property=\"og:title\" content=\"Boxy Leather Top - Gallico\" \/>\n<meta property=\"og:description\" content=\"Kuzu derisinden \u00fcretilmi\u015ftir Astarl\u0131 Arkas\u0131 fermuar kapamal\u0131  Modelin \u00fczerindeki \u00fcr\u00fcn XS bedendir  Modelin \u00f6l\u00e7\u00fcleri: 170cm \/ 50kg\u00a0 G\u00f6\u011f\u00fcs:79cm\u00a0 Bel:63cm\u00a0 Basen:90cm  &nbsp;\" \/>\n<meta property=\"og:url\" content=\"https:\/\/gallico.shop\/en\/product\/boxy-deri-bustiyer\/\" \/>\n<meta property=\"og:site_name\" content=\"Gallico\" \/>\n<meta property=\"article:modified_time\" content=\"2023-10-10T15:17:32+00:00\" \/>\n<meta property=\"og:image\" content=\"https:\/\/gallico.shop\/wp-content\/uploads\/2021\/02\/DERI-CROP-TOP-1-scaled-e1612945120454.jpg\" \/>\n\t<meta property=\"og:image:width\" content=\"1060\" \/>\n\t<meta property=\"og:image:height\" content=\"1590\" \/>\n<meta name=\"twitter:card\" content=\"summary_large_image\" \/>\n<meta name=\"twitter:label1\" content=\"Est. reading time\" \/>\n\t<meta name=\"twitter:data1\" content=\"1 minute\" \/>\n<script type=\"application\/ld+json\" class=\"yoast-schema-graph\">{\"@context\":\"https:\/\/schema.org\",\"@graph\":[{\"@type\":\"WebSite\",\"@id\":\"https:\/\/gallico.shop\/#website\",\"url\":\"https:\/\/gallico.shop\/\",\"name\":\"Gallico\",\"description\":\"Luxury Leather Apparels\",\"potentialAction\":[{\"@type\":\"SearchAction\",\"target\":{\"@type\":\"EntryPoint\",\"urlTemplate\":\"https:\/\/gallico.shop\/?s={search_term_string}\"},\"query-input\":\"required name=search_term_string\"}],\"inLanguage\":\"en-US\"},{\"@type\":\"ImageObject\",\"@id\":\"https:\/\/gallico.shop\/urun\/boxy-deri-bustiyer\/#primaryimage\",\"inLanguage\":\"en-US\",\"url\":\"https:\/\/gallico.shop\/wp-content\/uploads\/2021\/02\/DERI-CROP-TOP-1-scaled-e1612945120454.jpg\",\"contentUrl\":\"https:\/\/gallico.shop\/wp-content\/uploads\/2021\/02\/DERI-CROP-TOP-1-scaled-e1612945120454.jpg\",\"width\":1060,\"height\":1590},{\"@type\":\"WebPage\",\"@id\":\"https:\/\/gallico.shop\/urun\/boxy-deri-bustiyer\/#webpage\",\"url\":\"https:\/\/gallico.shop\/urun\/boxy-deri-bustiyer\/\",\"name\":\"Boxy Leather Top - Gallico\",\"isPartOf\":{\"@id\":\"https:\/\/gallico.shop\/#website\"},\"primaryImageOfPage\":{\"@id\":\"https:\/\/gallico.shop\/urun\/boxy-deri-bustiyer\/#primaryimage\"},\"datePublished\":\"2021-02-10T14:51:55+00:00\",\"dateModified\":\"2023-10-10T15:17:32+00:00\",\"breadcrumb\":{\"@id\":\"https:\/\/gallico.shop\/urun\/boxy-deri-bustiyer\/#breadcrumb\"},\"inLanguage\":\"en-US\",\"potentialAction\":[{\"@type\":\"ReadAction\",\"target\":[\"https:\/\/gallico.shop\/urun\/boxy-deri-bustiyer\/\"]}]},{\"@type\":\"BreadcrumbList\",\"@id\":\"https:\/\/gallico.shop\/urun\/boxy-deri-bustiyer\/#breadcrumb\",\"itemListElement\":[{\"@type\":\"ListItem\",\"position\":1,\"name\":\"Ana sayfa\",\"item\":\"https:\/\/gallico.shop\/\"},{\"@type\":\"ListItem\",\"position\":2,\"name\":\"Shop\",\"item\":\"https:\/\/gallico.shop\/shop\/\"},{\"@type\":\"ListItem\",\"position\":3,\"name\":\"Boxy Leather Top\"}]}]}<\/script>\n<!-- \/ Yoast SEO plugin. -->","yoast_head_json":{"title":"Boxy Leather Top - Gallico","robots":{"index":"index","follow":"follow","max-snippet":"max-snippet:-1","max-image-preview":"max-image-preview:large","max-video-preview":"max-video-preview:-1"},"canonical":"https:\/\/gallico.shop\/en\/product\/boxy-deri-bustiyer\/","og_locale":"en_US","og_type":"article","og_title":"Boxy Leather Top - Gallico","og_description":"Kuzu derisinden \u00fcretilmi\u015ftir Astarl\u0131 Arkas\u0131 fermuar kapamal\u0131  Modelin \u00fczerindeki \u00fcr\u00fcn XS bedendir  Modelin \u00f6l\u00e7\u00fcleri: 170cm \/ 50kg\u00a0 G\u00f6\u011f\u00fcs:79cm\u00a0 Bel:63cm\u00a0 Basen:90cm  &nbsp;","og_url":"https:\/\/gallico.shop\/en\/product\/boxy-deri-bustiyer\/","og_site_name":"Gallico","article_modified_time":"2023-10-10T15:17:32+00:00","og_image":[{"width":1060,"height":1590,"url":"https:\/\/gallico.shop\/wp-content\/uploads\/2021\/02\/DERI-CROP-TOP-1-scaled-e1612945120454.jpg","type":"image\/jpeg"}],"twitter_card":"summary_large_image","twitter_misc":{"Est. reading time":"1 minute"},"schema":{"@context":"https:\/\/schema.org","@graph":[{"@type":"WebSite","@id":"https:\/\/gallico.shop\/#website","url":"https:\/\/gallico.shop\/","name":"Gallico","description":"Luxury Leather Apparels","potentialAction":[{"@type":"SearchAction","target":{"@type":"EntryPoint","urlTemplate":"https:\/\/gallico.shop\/?s={search_term_string}"},"query-input":"required name=search_term_string"}],"inLanguage":"en-US"},{"@type":"ImageObject","@id":"https:\/\/gallico.shop\/urun\/boxy-deri-bustiyer\/#primaryimage","inLanguage":"en-US","url":"https:\/\/gallico.shop\/wp-content\/uploads\/2021\/02\/DERI-CROP-TOP-1-scaled-e1612945120454.jpg","contentUrl":"https:\/\/gallico.shop\/wp-content\/uploads\/2021\/02\/DERI-CROP-TOP-1-scaled-e1612945120454.jpg","width":1060,"height":1590},{"@type":"WebPage","@id":"https:\/\/gallico.shop\/urun\/boxy-deri-bustiyer\/#webpage","url":"https:\/\/gallico.shop\/urun\/boxy-deri-bustiyer\/","name":"Boxy Leather Top - Gallico","isPartOf":{"@id":"https:\/\/gallico.shop\/#website"},"primaryImageOfPage":{"@id":"https:\/\/gallico.shop\/urun\/boxy-deri-bustiyer\/#primaryimage"},"datePublished":"2021-02-10T14:51:55+00:00","dateModified":"2023-10-10T15:17:32+00:00","breadcrumb":{"@id":"https:\/\/gallico.shop\/urun\/boxy-deri-bustiyer\/#breadcrumb"},"inLanguage":"en-US","potentialAction":[{"@type":"ReadAction","target":["https:\/\/gallico.shop\/urun\/boxy-deri-bustiyer\/"]}]},{"@type":"BreadcrumbList","@id":"https:\/\/gallico.shop\/urun\/boxy-deri-bustiyer\/#breadcrumb","itemListElement":[{"@type":"ListItem","position":1,"name":"Ana sayfa","item":"https:\/\/gallico.shop\/"},{"@type":"ListItem","position":2,"name":"Shop","item":"https:\/\/gallico.shop\/shop\/"},{"@type":"ListItem","position":3,"name":"Boxy Leather Top"}]}]}},"_links":{"self":[{"href":"https:\/\/gallico.shop\/en\/wp-json\/wp\/v2\/product\/12326"}],"collection":[{"href":"https:\/\/gallico.shop\/en\/wp-json\/wp\/v2\/product"}],"about":[{"href":"https:\/\/gallico.shop\/en\/wp-json\/wp\/v2\/types\/product"}],"replies":[{"embeddable":true,"href":"https:\/\/gallico.shop\/en\/wp-json\/wp\/v2\/comments?post=12326"}],"wp:featuredmedia":[{"embeddable":true,"href":"https:\/\/gallico.shop\/en\/wp-json\/wp\/v2\/media\/12200"}],"wp:attachment":[{"href":"https:\/\/gallico.shop\/en\/wp-json\/wp\/v2\/media?parent=12326"}],"wp:term":[{"taxonomy":"product_cat","embeddable":true,"href":"https:\/\/gallico.shop\/en\/wp-json\/wp\/v2\/product_cat?post=12326"},{"taxonomy":"product_tag","embeddable":true,"href":"https:\/\/gallico.shop\/en\/wp-json\/wp\/v2\/product_tag?post=12326"}],"curies":[{"name":"wp","href":"https:\/\/api.w.org\/{rel}","templated":true}]}}