{"id":3,"date":"2020-09-24T23:49:28","date_gmt":"2020-09-24T20:49:28","guid":{"rendered":"http:\/\/89.252.131.128\/?page_id=3"},"modified":"2020-10-12T14:01:38","modified_gmt":"2020-10-12T11:01:38","slug":"gizlilik-politikasi","status":"publish","type":"page","link":"https:\/\/gallico.shop\/en\/gizlilik-politikasi\/","title":{"rendered":"Privacy Policy"},"content":{"rendered":"<div class=\"vc_row wpb_row vc_row-fluid\"><div class=\"wpb_column vc_column_container vc_col-sm-12\"><div class=\"vc_column-inner\"><div class=\"wpb_wrapper\">\n\t<div class=\"wpb_text_column wpb_content_element\" >\n\t\t<div class=\"wpb_wrapper\">\n\t\t\t<p><strong><u>Gizlilik &#8211;\u00a0<\/u><\/strong><strong><u>Veri<\/u><\/strong><strong><u>\u00a0G\u00fcvenli\u011fi ve \u00c7erez Politikas\u0131<\/u><\/strong><\/p>\n<p>&nbsp;<\/p>\n<p><strong>L\u0130<\/strong><strong>DER DER<\/strong><strong>\u0130 \u00dcR<\/strong><strong>\u00dcNLER<\/strong><strong>\u0130 SAN. VE T\u0130<\/strong><strong>C. A.<\/strong><strong>\u015e.<\/strong>\u00a0\u00a0 (Bundan b\u00f6yle <strong>Gallico <\/strong>olarak an\u0131lacakt\u0131r) m\u00fc\u015fterilerinin gizlilik haklar\u0131na ve ki\u015fisel verilerinin korunmas\u0131na \u00f6nem verir. Gallico Ki\u015fisel Verilerin Korunmas\u0131 hakk\u0131ndaki yasal d\u00fczenlemelere uymakta ve a\u015fa\u011f\u0131da a\u00e7\u0131klanan \u201cGizlilik ve Veri G\u00fcvenli\u011fi Politikas\u0131 uygulamaktad\u0131r. A\u015fa\u011f\u0131daki maddeler, sitemizde toplanan m\u00fc\u015fteri bilgilerinin neler oldu\u011fu, hangi ama\u00e7lar i\u00e7in topland\u0131\u011f\u0131, hangi ama\u00e7lar i\u00e7in kullan\u0131ld\u0131\u011f\u0131, bu bilgileri nas\u0131l de\u011fi\u015ftirebilece\u011finiz, sizinle yap\u0131lan ileti\u015fim konusundaki tercihlerinizin yan\u0131 s\u0131ra ki\u015fisel verilerin nas\u0131l g\u00fcvenceye al\u0131nd\u0131\u011f\u0131, hangi t\u00fcr ki\u015fisel verilerin hangi ama\u00e7larla i\u015flendi\u011fi ve ki\u015fisel verileriniz ile ilgili haklar\u0131n\u0131z gibi konular\u0131 i\u00e7ermektedir.<\/p>\n<p>&nbsp;<\/p>\n<p>Sitemizde kredi kart\u0131 i\u015flemi i\u00e7in haberle\u015fmede her a\u015fama g\u00fcvenlik alt\u0131na al\u0131nm\u0131\u015ft\u0131r.<\/p>\n<p><strong><u>Site-Ziyaret<\/u><\/strong><strong><u>\u00e7<\/u><\/strong><strong><u>i Haberle\u015f<\/u><\/strong><strong><u>me G<\/u><\/strong><strong><u>\u00fcvenli\u011fi<\/u><\/strong><\/p>\n<p>Sitemizin sipari\u015f sayfalar\u0131nda site ile ziyaret\u00e7i aras\u0131ndaki haberle\u015fme 128 bit SSL standart\u0131nda ger\u00e7ekle\u015fmektedir. S\u00f6zkonusu haberle\u015fme standard\u0131 \u00e7ok say\u0131da i\u015flem g\u00f6ren sitelerde dahi g\u00fcvenle kullan\u0131lan bir niteliktedir. Kredi kart\u0131 bilgilerinin verilece\u011fi sayfada bu haberle\u015fme bi\u00e7iminin bulunup bulunmad\u0131\u011f\u0131n\u0131, sayfaya eri\u015fildi\u011finde adres \u00e7ubu\u011funda yazan ifadenin http:\/\/.. bi\u00e7iminde de\u011fil, https:\/\/.. bi\u00e7iminde olu\u015fu ifade etmektedir. Bu nitelikteki sayfalara eri\u015fti\u011finizde taray\u0131c\u0131n\u0131n sa\u011f alt k\u00f6\u015fesinde (taray\u0131c\u0131lara g\u00f6re de\u011fi\u015fiklik g\u00f6sterebilir ) kilit i\u015fareti de yer almaktad\u0131r.<\/p>\n<p><strong><u>Site-Banka Haberle\u015f<\/u><\/strong><strong><u>me G<\/u><\/strong><strong><u>\u00fcvenli\u011fi<\/u><\/strong><\/p>\n<p>Kredi kart\u0131 bilgilerinin siteden bankaya aktar\u0131lmas\u0131 ile ilgili g\u00fcvenlik, banka&#8217;n\u0131n sundu\u011fu maksimum g\u00fcvenlik ile ger\u00e7ekle\u015fmektedir. S\u00f6zkonusu g\u00fcvenli\u011fin \u00e7ok say\u0131da bile\u015fenin yan\u0131nda, CVV2\/CVC2 kodu da \u00e7al\u0131nt\u0131 kart veya kart bilgileri ile al\u0131\u015fveri\u015fe kar\u015f\u0131 \u00f6nlem olarak sitemizde kullan\u0131lmaktad\u0131r.<\/p>\n<p><strong><u>Site i<\/u><\/strong><strong><u>\u00e7<\/u><\/strong><strong><u>i Veri G<\/u><\/strong><strong><u>\u00fcvenli\u011fi<\/u><\/strong><\/p>\n<p>G\u00fcvenli ortamda yapaca\u011f\u0131n\u0131z i\u015flemlerde siz ve kredi kart\u0131n\u0131 size tahsis esen banka haricinde hi\u00e7bir ki\u015fi , kurum ve kurulu\u015f taraf\u0131ndan bilgilerinize ula\u015famamaktad\u0131r. Kredi kart\u0131 i\u015flem sayfas\u0131 kart bilgilerini do\u011frudan banka POS sistemine iletmekte ve i\u015flem sonucunu m\u00fc\u015fteriye bildirmektedir. Kredi kart\u0131 bilgileri e-posta veya benzeri y\u00f6ntemlerle aktar\u0131lmamaktad\u0131r. Online i\u015flemin bir sonucu olarak aktar\u0131lan kredi kart bilgilerine taraf\u0131m\u0131zdan dahi eri\u015filmesi m\u00fcmk\u00fcn de\u011fildir.<\/p>\n<p><strong><u>Toplanan Bilgiler<\/u><\/strong><\/p>\n<p>Hizmetlerimiz ve kampanyalar\u0131m\u0131z\u0131 duyuran e-b\u00fcltenlerimize ve sitemize \u00fcye olman\u0131z durumunda,\u00a0 sizlere daha iyi hizmet verebilmek ad\u0131na ad, soyad\u0131, e-posta adresi, telefon numaras\u0131, cinsiyet, do\u011fum tarihi, ki\u015fisel ilgi alanlar\u0131, fatura ve teslimat adresleri gibi baz\u0131 ki\u015fisel bilgilerinize ihtiya\u00e7 duyaca\u011f\u0131z. Bu bilgiler haricinde, site ziyaret s\u0131kl\u0131\u011f\u0131 ve zamanlar\u0131, sipari\u015f verilme zamanlar\u0131 ve sipari\u015f an\u0131ndaki IP adresi, ziyaret edilen \u00fcr\u00fcn sayfalar\u0131n\u0131n ve sipari\u015f verilen \u00fcr\u00fcnlerin istatistikleri gibi toplu istatistiksel veriler de, ziyaret\u00e7i hareket ve tercihlerini analiz etmek ve anlamak amac\u0131yla toplan\u0131r ve kullan\u0131l\u0131r. Bu a\u00e7\u0131klamalar \u00e7er\u00e7evesinde verileriniz a\u015fa\u011f\u0131da belirtilen ama\u00e7lar i\u00e7in gereklidir:<\/p>\n<ul>\n<li>Deri internet sitesinde ya da uygulamam\u0131zda size \u00f6zel hesab\u0131n\u0131z olu\u015fturulmas\u0131 i\u00e7in (\u00f6 isminiz, e-posta adresiniz)<\/li>\n<li>\u00c7evrimi\u00e7i hizmetler arac\u0131l\u0131\u011f\u0131yla sipari\u015flerinizi i\u015flemek i\u00e7in (\u00f6 isminiz, adresiniz, do\u011fum tarihiniz ve banka bilgileriniz)<\/li>\n<li>Teslimat durumunu bildirmek ama\u00e7l\u0131 k\u0131sa mesaj bildirileri g\u00f6ndermek i\u00e7in (\u00f6 cep telefon numaran\u0131z)<\/li>\n<li>Haber b\u00fcltenleri ve kataloglar gibi pazarlama teklifleri g\u00f6ndermek i\u00e7in (\u00f6rn e-posta adresiniz, isminiz ve posta adresiniz)<\/li>\n<li>Sat\u0131n ald\u0131\u011f\u0131n\u0131z \u00fcr\u00fcnlerin teslimat\u0131nda olas\u0131 sorunlar\u0131 iletmek i\u00e7in (\u00f6 telefon numaran\u0131z, adresiniz)<\/li>\n<li>Sorular\u0131n\u0131za cevap vermek ve yeni veya de\u011fi\u015ftirilmi\u015f hizmetler hakk\u0131nda sizi bilgilendirmek i\u00e7in (\u00f6 e-posta adresiniz)<\/li>\n<li>Ki\u015fisel bilgilerinizi, size uygun pazarlama teklifleri ve bilgileri sunmak ad\u0131na analiz etmek i\u00e7in (\u00f6 ad\u0131n\u0131z, al\u0131\u015f-veri\u015f al\u0131\u015fkanl\u0131klar\u0131n\u0131z)<\/li>\n<li>\u00c7evrimi\u00e7i al\u0131\u015fveri\u015f i\u00e7in yasal ya\u015fta oldu\u011funuzu do\u011frulamak i\u00e7in (\u00f6 do\u011fum tarihiniz)<\/li>\n<li>Hizmetlerimizi ihtiya\u00e7lar\u0131n\u0131z \u00f6l\u00e7\u00fcs\u00fcnde geli\u015ftirmek<\/li>\n<li>Teknolojik altyap\u0131m\u0131z\u0131 standartla\u015ft\u0131rmak ve servislerimizi daha rahat\/h\u0131zl\u0131 kullan\u0131labilir duruma getirmek<\/li>\n<\/ul>\n<p>Sipari\u015f olu\u015fturma esnas\u0131nda kullan\u0131lan kredi kart\u0131 bilgileri hi\u00e7bir \u015fekilde sistemlerimizde saklanmaz.<\/p>\n<p>&nbsp;<\/p>\n<p><strong><u>Toplanan Bilgilerin Kullan\u0131m\u0131<\/u><\/strong><\/p>\n<p>Sitede toplanan bilgiler a\u015fa\u011f\u0131daki ama\u00e7lar i\u00e7in kullan\u0131l\u0131r:<\/p>\n<ul>\n<li>Sipari\u015f s\u00fcre\u00e7lerini y\u00fcr\u00fctmek, tamamlamak \u00a0ve m\u00fc\u015fterilerimizle ilgili ileti\u015fimi sa\u011flamak<\/li>\n<li>\u00dcr\u00fcnler, servisler, kampanyalar ve promosyonlarla ilgili bilgi vermek<\/li>\n<li>M\u00fc\u015fterilerimizin al\u0131\u015fveri\u015f tercihlerini daha iyi anlamak<\/li>\n<li>Trend analizleri ve istatistiksel analizler yapmak<\/li>\n<li>Sitenin g\u00fcvenli\u011fini g\u00fc\u00e7lendirmek<\/li>\n<\/ul>\n<p>&nbsp;<\/p>\n<p><strong><u>Toplanan Bilgilerin Payla\u015f\u0131m\u0131<\/u><\/strong><\/p>\n<p>Sitede toplanan bilgiler, m\u00fc\u015fterilerimize daha iyi hizmet vermek ve Gallico \u2019un size kar\u015f\u0131 taahh\u00fctlerini kar\u015f\u0131lamak amac\u0131 ile birlikte \u00e7al\u0131\u015ft\u0131\u011f\u0131m\u0131z firmalarla (kargo, g\u00f6nderi, \u00e7a\u011fr\u0131 merkezi, veri taban\u0131 vb. hizmetleri firmalar\u0131)ve kanuni y\u00fck\u00fcml\u00fcl\u00fcklerin gerektirdi\u011fi noktalarda ilgili devlet mercileri ile payla\u015f\u0131labilir. Verileriniz her halde Gallico taraf\u0131ndan korunmakta ve verilerinizin payla\u015f\u0131ld\u0131\u011f\u0131 t\u00fcm firmalar\u0131n da ayn\u0131 \u00f6nem ve gizlilik seviyesinde hareket edilmesi sa\u011flanmaktad\u0131r.<\/p>\n<p>&nbsp;<\/p>\n<p>Gallico, Kanunda Kurul taraf\u0131ndan belirlenen \u015fartlar dahilinde ki\u015fisel verileri koruma kanundaki di\u011fer \u015fartlara uygun olarak ve ki\u015finin onay\u0131na ba\u011fl\u0131 olarak yurt i\u00e7i ve yurt d\u0131\u015f\u0131na aktarma yetkisine sahiptir.<\/p>\n<p>Ki\u015fisel verileri i\u015flenen ki\u015filer, Gallico taraf\u0131ndan web sayfam\u0131zda duyurulan ilgilimize ba\u015fvurarak kendi verisi ile ilgili olarak; Yurt i\u00e7inde veya yurt d\u0131\u015f\u0131nda ki\u015fisel verilerin aktar\u0131ld\u0131\u011f\u0131 \u00fc\u00e7\u00fcnc\u00fc ki\u015fileri bilme, haklar\u0131na sahiptir.<\/p>\n<p>&nbsp;<\/p>\n<p>Bunlar\u0131n d\u0131\u015f\u0131nda, bilgileriniz herhangi bir \u015fekilde 3. \u015fah\u0131s ya da t\u00fczel ki\u015filerle payla\u015f\u0131lmamakta, faaliyet d\u0131\u015f\u0131 hi\u00e7bir nedenle ticari ama\u00e7la kullanmamakta ve\/veya sat\u0131lmamaktad\u0131r.<\/p>\n<p>&nbsp;<\/p>\n<p><strong><u>Cookie (\u00c7erez) Kullan\u0131m\u0131<\/u><\/strong><\/p>\n<p>Web sitemizi ziyaretiniz ya da uygulamam\u0131z\u0131 kullanman\u0131z durumunda bilgisayar\u0131n\u0131za kaydedilen k\u00fc\u00e7\u00fck veri dosyalar\u0131 olarak tan\u0131mlanabilecek \u201c\u00e7erez\u201dler (cookie) kullan\u0131lmaktad\u0131r. Bu dosyalar, sitemizde al\u0131\u015fveri\u015finizi daha verimli ve g\u00fcvenli hale getirmek amac\u0131 ile kullan\u0131lan end\u00fcstri standartlar\u0131d\u0131r ve t\u00fcm al\u0131\u015fveri\u015f sitelerinde kullan\u0131lan standart yap\u0131da haz\u0131rlanm\u0131\u015ft\u0131r.<\/p>\n<p>&nbsp;<\/p>\n<p>Bu dosyalar\u0131 kullanmak istememeniz ya da kullan\u0131ld\u0131\u011f\u0131nda haberdar edilmek istemeniz durumunda internet taray\u0131c\u0131n\u0131zda gerekli de\u011fi\u015fiklikleri yapabilirsiniz.<\/p>\n<p>\u0130nternet sayfalar\u0131 birden fazla konumda \u2018Cookies\u2019 denilen \u00e7erezleri kullanmaktad\u0131r. Bunlar\u0131n i\u015flevi, kaynaklar\u0131m\u0131z\u0131n\/servis ve hizmetlerimizin kullan\u0131c\u0131 i\u00e7in daha etkin, etkili ve g\u00fcvenli hale getirilmesidir. \u00c7erezler, bilgisayar\u0131n\u0131za b\u0131rak\u0131lan ve taray\u0131c\u0131n\u0131z\u0131n belle\u011fe ald\u0131\u011f\u0131 k\u00fc\u00e7\u00fck metin dosyalar\u0131d\u0131r. \u00c7erezler bilgisayar\u0131n\u0131za zarar vermez ve vir\u00fcs i\u00e7ermez.<\/p>\n<p>Gallico bu ama\u00e7la ayr\u0131ca analiz ara\u00e7lar\u0131n\u0131, \u00f6rne\u011fin Google, Yandex ve Hotjor kullanmaktad\u0131r.<\/p>\n<p>Taray\u0131c\u0131n\u0131z\u0131 veya uygulaman\u0131z\u0131 ve buna ait i\u015fletim sistemini (iOS, Android,Windows Mobile) gerekli \u015fekilde ayarlayarak bu t\u00fcr verilerin aktar\u0131lmas\u0131na engel olabilirsiniz, ancak bu durumda, sunulan i\u00e7eri\u011fin veya hizmetin sorgusu, kullan\u0131m\u0131 veya i\u015flevselli\u011finde sorun \u00e7\u0131kabilir.<\/p>\n<p>&nbsp;<\/p>\n<p><strong><u>Bilgilerin G\u00fcvenli\u011fi<\/u><\/strong><\/p>\n<p>Gallico m\u00fc\u015fterilerinin bilgilerinin g\u00fcvenli\u011fine b\u00fcy\u00fck \u00f6nem vermekte ve bunu sa\u011flamak ad\u0131na en ileri teknolojiye sahip ara\u00e7larla \u00e7al\u0131\u015fmaktad\u0131r. Sitemizin g\u00fcvenli\u011fini sa\u011flamak amac\u0131 ile g\u00fcvenli ortamlarda her t\u00fcrl\u00fc fiziksel, elektronik ve y\u00f6netimsel \u00f6nlem al\u0131nm\u0131\u015ft\u0131r. T\u00fcm bilgiler g\u00fcvenli sunucularda saklanmakta ve yedeklenmektedir.<\/p>\n<p>Sitemiz \u00fczerinden al\u0131nan bilgiler SSL (Secure Socket Layer) olarak adland\u0131r\u0131lan ve g\u00fcvenli bilgi aktar\u0131m\u0131 sa\u011flayan teknoloji ile ta\u015f\u0131n\u0131r. Sitemiz \u00fczerinde finansal bilgileriniz aktard\u0131\u011f\u0131n\u0131z sayfalarda taray\u0131c\u0131n\u0131z\u0131n adres sat\u0131r\u0131nda en sa\u011fda (kulland\u0131\u011f\u0131n\u0131z taray\u0131c\u0131ya ba\u011fl\u0131 olarak) bir kilit ya da anahtar resmi ve bu adres sat\u0131r\u0131nda bulunan adresin ilk harflerinin \u2018http\u2019\u2019den \u2018https\u2019 ba\u011fland\u0131 \u015feklini ald\u0131\u011f\u0131n\u0131 g\u00f6receksiniz. Bunlar\u0131 g\u00f6rmeniz durumunda sitemizin g\u00fcvenli sunucular\u0131 \u00fczerinde oldu\u011funuzdan emin olabilirsiniz.<\/p>\n<p>&nbsp;<\/p>\n<p><strong><u>E-b\u00fc<\/u><\/strong><strong><u>lten \u00dc<\/u><\/strong><strong><u>yeli\u011finden Ayr\u0131lma<\/u><\/strong><\/p>\n<p>Taraf\u0131m\u0131zca kaydedilen ki\u015fisel bilgileriniz hakk\u0131nda bilgi alma hakk\u0131n\u0131z vard\u0131r. Bilgileriniz yanl\u0131\u015f, eksik ya da alakas\u0131z ise, bilgilerin d\u00fczeltilmesini ya da silinmesini talep edebilirsiniz. Pazarlama b\u00fcnyesinde kullan\u0131lan ki\u015fisel verilerinizin onay iznini istedi\u011finiz zaman geri alabilirsiniz. (\u00d6rn. Al\u0131\u015fveri\u015f b\u00fcltenlerinin g\u00f6nderilmesi ya da e-posta adresinize tekliflerin g\u00f6nderilmesi).<\/p>\n<p>&nbsp;<\/p>\n<p>Herhangi bir zamanda e-b\u00fclten \u00fcyeli\u011finden ayr\u0131lmay\u0131 se\u00e7meniz durumunda, size d\u00fczenli aral\u0131klarla g\u00f6nderdi\u011fimiz e-b\u00fcltenlerin ba\u015f\u0131nda yer alan \u201c<a href=\"http:\/\/link.setrowid.com\/system\/unsubscribe.php?adress=erdemgungor@gmail.com&amp;aid=2020969&amp;lang=Tr&amp;m=1182&amp;bid=6f108c7b18e959a67a165e8b9c6fd044ea42e9e0e76087d585\"><u>B\u00fclten almak istemiyorsan\u0131z t\u0131klay\u0131n<\/u><\/a>\u00a0\u201d ba\u011flant\u0131s\u0131na t\u0131klayarak, kolayl\u0131kla e-b\u00fclten \u00fcyeli\u011finden ayr\u0131labilirsiniz.<\/p>\n<p>&nbsp;<\/p>\n<p>Ayr\u0131ca info@gallico.shop E-posta adresine \u00fcye oldu\u011funuz e-posta adresini bildirerek \u00fcyelikten \u00e7\u0131kma talebinde bulunabilirsiniz.<\/p>\n<p>&nbsp;<\/p>\n<p><strong>Gallico<\/strong><strong>\u2019ya Ula\u015fmak \u0130\u00e7in;<\/strong><\/p>\n<p>&nbsp;<\/p>\n<p><strong><u>Adres:<\/u><\/strong>\u00a0L\u0130DER DER\u0130 \u00dcR\u00dcNLER\u0130 SAN. VE T\u0130C. A.\u015e.<\/p>\n<p>5500\/3 Sk. Tuna Mh. No: 16 \u00c7amdibi Bornova \u2013 \u0130ZM\u0130R<\/p>\n<p>TEL : +90 232 376 81 97<br \/>\nEMA\u0130L: info@gallico.shop<\/p>\n<p>&nbsp;<\/p>\n<p><strong>\u0130nternet sitenizin formunda belirtti\u011fim ki\u015fisel ve di\u011fer bilgilerimin \u015firketiniz ile mevcut ve ilerideki i\u015ftirakleri, ba\u011fl\u0131 \u015firketleri, ortaklar\u0131, halefleri ve\/veya bunlar\u0131n belirleyecekleri \u00fc\u00e7\u00fcnc\u00fc ki\u015filer-kurulu\u015flar taraf\u0131ndan her t\u00fcrl\u00fc tan\u0131t\u0131m, reklam, promosyon, ileti\u015f<\/strong><strong>im, sat<\/strong><strong>\u0131\u015f, pazarlama, ma\u011faza kart\u0131, kredi kart\u0131 ve \u00fcyelik uygulamalar\u0131 i<\/strong><strong>\u00e7<\/strong><strong>in s\u00fcresiz olarak veya <\/strong><strong>\u00f6<\/strong><strong>ng<\/strong><strong>\u00f6<\/strong><strong>recekleri s\u00fcre ile kaydedilmesine, yaz\u0131l\u0131\/manyetik ar\u015fivlerde tutulmas\u0131na, muhafazas\u0131<\/strong><strong>na, i<\/strong><strong>\u015flenmesine, g\u00fcncellenmesine, payla\u015f\u0131lmas\u0131na, transferine ve kullan\u0131lmas\u0131na izin veriyorum.<\/strong><\/p>\n\n\t\t<\/div>\n\t<\/div>\n<\/div><\/div><\/div><\/div>","protected":false},"excerpt":{"rendered":"Gizlilik -\u00a0Veri\u00a0G\u00fcvenli\u011fi ve \u00c7erez Politikas\u0131 &nbsp; L\u0130DER DER\u0130 \u00dcR\u00dcNLER\u0130 SAN. VE T\u0130C. A.\u015e.\u00a0\u00a0 (Bundan b\u00f6yle Gallico olarak an\u0131lacakt\u0131r) m\u00fc\u015fterilerinin gizlilik haklar\u0131na ve ki\u015fisel verilerinin korunmas\u0131na \u00f6nem verir. Gallico Ki\u015fisel Verilerin&hellip;","protected":false},"author":1,"featured_media":0,"parent":0,"menu_order":0,"comment_status":"closed","ping_status":"open","template":"","meta":{"spay_email":""},"yoast_head":"<!-- This site is optimized with the Yoast SEO plugin v17.6 - https:\/\/yoast.com\/wordpress\/plugins\/seo\/ -->\n<title>Gizlilik politikas\u0131 - Gallico<\/title>\n<meta name=\"robots\" content=\"index, follow, max-snippet:-1, max-image-preview:large, max-video-preview:-1\" \/>\n<link rel=\"canonical\" href=\"https:\/\/gallico.shop\/en\/gizlilik-politikasi\/\" \/>\n<meta property=\"og:locale\" content=\"en_US\" \/>\n<meta property=\"og:type\" content=\"article\" \/>\n<meta property=\"og:title\" content=\"Gizlilik politikas\u0131 - Gallico\" \/>\n<meta property=\"og:url\" content=\"https:\/\/gallico.shop\/en\/gizlilik-politikasi\/\" \/>\n<meta property=\"og:site_name\" content=\"Gallico\" \/>\n<meta property=\"article:modified_time\" content=\"2020-10-12T11:01:38+00:00\" \/>\n<meta name=\"twitter:card\" content=\"summary_large_image\" \/>\n<meta name=\"twitter:label1\" content=\"Est. reading time\" \/>\n\t<meta name=\"twitter:data1\" content=\"8 minutes\" \/>\n<script type=\"application\/ld+json\" class=\"yoast-schema-graph\">{\"@context\":\"https:\/\/schema.org\",\"@graph\":[{\"@type\":\"WebSite\",\"@id\":\"https:\/\/gallico.shop\/#website\",\"url\":\"https:\/\/gallico.shop\/\",\"name\":\"Gallico\",\"description\":\"Luxury Leather Apparels\",\"potentialAction\":[{\"@type\":\"SearchAction\",\"target\":{\"@type\":\"EntryPoint\",\"urlTemplate\":\"https:\/\/gallico.shop\/?s={search_term_string}\"},\"query-input\":\"required name=search_term_string\"}],\"inLanguage\":\"en-US\"},{\"@type\":\"WebPage\",\"@id\":\"https:\/\/gallico.shop\/gizlilik-politikasi\/#webpage\",\"url\":\"https:\/\/gallico.shop\/gizlilik-politikasi\/\",\"name\":\"Gizlilik politikas\\u0131 - Gallico\",\"isPartOf\":{\"@id\":\"https:\/\/gallico.shop\/#website\"},\"datePublished\":\"2020-09-24T20:49:28+00:00\",\"dateModified\":\"2020-10-12T11:01:38+00:00\",\"breadcrumb\":{\"@id\":\"https:\/\/gallico.shop\/gizlilik-politikasi\/#breadcrumb\"},\"inLanguage\":\"en-US\",\"potentialAction\":[{\"@type\":\"ReadAction\",\"target\":[\"https:\/\/gallico.shop\/gizlilik-politikasi\/\"]}]},{\"@type\":\"BreadcrumbList\",\"@id\":\"https:\/\/gallico.shop\/gizlilik-politikasi\/#breadcrumb\",\"itemListElement\":[{\"@type\":\"ListItem\",\"position\":1,\"name\":\"Ana sayfa\",\"item\":\"https:\/\/gallico.shop\/\"},{\"@type\":\"ListItem\",\"position\":2,\"name\":\"Gizlilik politikas\\u0131\"}]}]}<\/script>\n<!-- \/ Yoast SEO plugin. -->","yoast_head_json":{"title":"Gizlilik politikas\u0131 - Gallico","robots":{"index":"index","follow":"follow","max-snippet":"max-snippet:-1","max-image-preview":"max-image-preview:large","max-video-preview":"max-video-preview:-1"},"canonical":"https:\/\/gallico.shop\/en\/gizlilik-politikasi\/","og_locale":"en_US","og_type":"article","og_title":"Gizlilik politikas\u0131 - Gallico","og_url":"https:\/\/gallico.shop\/en\/gizlilik-politikasi\/","og_site_name":"Gallico","article_modified_time":"2020-10-12T11:01:38+00:00","twitter_card":"summary_large_image","twitter_misc":{"Est. reading time":"8 minutes"},"schema":{"@context":"https:\/\/schema.org","@graph":[{"@type":"WebSite","@id":"https:\/\/gallico.shop\/#website","url":"https:\/\/gallico.shop\/","name":"Gallico","description":"Luxury Leather Apparels","potentialAction":[{"@type":"SearchAction","target":{"@type":"EntryPoint","urlTemplate":"https:\/\/gallico.shop\/?s={search_term_string}"},"query-input":"required name=search_term_string"}],"inLanguage":"en-US"},{"@type":"WebPage","@id":"https:\/\/gallico.shop\/gizlilik-politikasi\/#webpage","url":"https:\/\/gallico.shop\/gizlilik-politikasi\/","name":"Gizlilik politikas\u0131 - Gallico","isPartOf":{"@id":"https:\/\/gallico.shop\/#website"},"datePublished":"2020-09-24T20:49:28+00:00","dateModified":"2020-10-12T11:01:38+00:00","breadcrumb":{"@id":"https:\/\/gallico.shop\/gizlilik-politikasi\/#breadcrumb"},"inLanguage":"en-US","potentialAction":[{"@type":"ReadAction","target":["https:\/\/gallico.shop\/gizlilik-politikasi\/"]}]},{"@type":"BreadcrumbList","@id":"https:\/\/gallico.shop\/gizlilik-politikasi\/#breadcrumb","itemListElement":[{"@type":"ListItem","position":1,"name":"Ana sayfa","item":"https:\/\/gallico.shop\/"},{"@type":"ListItem","position":2,"name":"Gizlilik politikas\u0131"}]}]}},"_links":{"self":[{"href":"https:\/\/gallico.shop\/en\/wp-json\/wp\/v2\/pages\/3"}],"collection":[{"href":"https:\/\/gallico.shop\/en\/wp-json\/wp\/v2\/pages"}],"about":[{"href":"https:\/\/gallico.shop\/en\/wp-json\/wp\/v2\/types\/page"}],"author":[{"embeddable":true,"href":"https:\/\/gallico.shop\/en\/wp-json\/wp\/v2\/users\/1"}],"replies":[{"embeddable":true,"href":"https:\/\/gallico.shop\/en\/wp-json\/wp\/v2\/comments?post=3"}],"version-history":[{"count":0,"href":"https:\/\/gallico.shop\/en\/wp-json\/wp\/v2\/pages\/3\/revisions"}],"wp:attachment":[{"href":"https:\/\/gallico.shop\/en\/wp-json\/wp\/v2\/media?parent=3"}],"curies":[{"name":"wp","href":"https:\/\/api.w.org\/{rel}","templated":true}]}}