{"id":10661,"date":"2020-10-12T14:10:18","date_gmt":"2020-10-12T11:10:18","guid":{"rendered":"http:\/\/89.252.131.128\/?page_id=10661"},"modified":"2020-10-12T14:10:18","modified_gmt":"2020-10-12T11:10:18","slug":"mesafeli-satis-sozlesmesi","status":"publish","type":"page","link":"https:\/\/gallico.shop\/en\/mesafeli-satis-sozlesmesi\/","title":{"rendered":"Terms &amp; Conditions"},"content":{"rendered":"<div class=\"vc_row wpb_row vc_row-fluid\"><div class=\"wpb_column vc_column_container vc_col-sm-12\"><div class=\"vc_column-inner\"><div class=\"wpb_wrapper\">\n\t<div class=\"wpb_text_column wpb_content_element\" >\n\t\t<div class=\"wpb_wrapper\">\n\t\t\t<p>MESAFEL\u0130 SATI\u015e S\u00d6ZLE\u015eMES\u0130<\/p>\n<p>(\u201cS\u00f6zle\u015fme\u201d)<\/p>\n<ol>\n<li>S\u00d6ZLE\u015eMEN\u0130N TARAFLARI<\/li>\n<\/ol>\n<p>\u0130\u015f bu S\u00f6zle\u015fme; Sat\u0131c\u0131<\/p>\n<p>[customer-name]<\/p>\n<table width=\"482\">\n<tbody>\n<tr>\n<td width=\"85\">Unvan<\/td>\n<td width=\"24\">:<\/td>\n<td width=\"374\">Lider Deri \u00dcr\u00fcnleri Sanayi ve Ticaret A.\u015e. (k\u0131saca \u201cSat\u0131c\u0131&#8221; olarak an\u0131lacakt\u0131r.)<\/td>\n<\/tr>\n<tr>\n<td width=\"85\">Mersis No<\/td>\n<td width=\"24\">:<\/td>\n<td width=\"374\">&#8211;<\/td>\n<\/tr>\n<tr>\n<td width=\"85\">Tebligat Adresi<\/td>\n<td width=\"24\">:<\/td>\n<td width=\"374\">5500\/3 Sk. Tuna Mh. No: 16 \u00c7amdibi Bornova \u2013 \u0130ZM\u0130R<\/td>\n<\/tr>\n<tr>\n<td width=\"85\">E-posta<\/td>\n<td width=\"24\">:<\/td>\n<td width=\"374\">info@gallico.shop<\/td>\n<\/tr>\n<tr>\n<td width=\"85\">Telefon<\/td>\n<td width=\"24\">:<\/td>\n<td width=\"374\">+90 232 376 81 97<\/td>\n<\/tr>\n<tr>\n<td width=\"85\">\u0130le M\u00fc\u015fteri<\/td>\n<td width=\"24\"><\/td>\n<td width=\"374\"><\/td>\n<\/tr>\n<tr>\n<td width=\"85\"><\/td>\n<td width=\"24\"><\/td>\n<td width=\"374\"><\/td>\n<\/tr>\n<tr>\n<td width=\"85\">Ad Soyad\/Unvan<\/td>\n<td width=\"24\">:<\/td>\n<td width=\"374\">(k\u0131saca \u201cM\u00fc\u015fteri&#8221; olarak an\u0131lacakt\u0131r.)<\/td>\n<\/tr>\n<tr>\n<td width=\"85\">Tebligat Adresi<\/td>\n<td width=\"24\">:<\/td>\n<td width=\"374\"><span lang=\"TR\">[customer-address]<\/span><\/td>\n<\/tr>\n<tr>\n<td width=\"85\">E-posta<\/td>\n<td width=\"24\">:<\/td>\n<td width=\"374\"><span lang=\"TR\">[customer-mail]<\/span><\/td>\n<\/tr>\n<tr>\n<td width=\"85\">Telefon<\/td>\n<td width=\"24\">:<\/td>\n<td width=\"374\">[customer-phone]<\/td>\n<\/tr>\n<\/tbody>\n<\/table>\n<p>&nbsp;<\/p>\n<p>aras\u0131nda internet ortam\u0131 \u00fczerinden bildirilen icap ve kabul \u00fczerine &#8230;&#8230;&#8230; tarihinde akdedilmi\u015ftir.<\/p>\n<p>(\u0130\u015fbu S\u00f6zle\u015fme\u2019de Sat\u0131c\u0131 ve M\u00fc\u015fteri her biri ayr\u0131 ayr\u0131 \u201cTaraf\u201d ve beraberce \u201cTaraflar\u201d olarak adland\u0131r\u0131lacakt\u0131r.)<\/p>\n<ol start=\"2\">\n<li>S\u00d6ZLE\u015eMEN\u0130N KONUSU<\/li>\n<\/ol>\n<p>\u0130\u015fbu S\u00f6zle\u015fme\u2019nin konusu, M\u00fc\u015fteri\u2019nin Sat\u0131c\u0131\u2019a ait <a href=\"https:\/\/gallico.shop\/en\/\">http:\/\/www.gallico.shop<\/a>web sitesinden (\u201cSite\u201d) elektronik ortamda sipari\u015f verdi\u011fi, S\u00f6zle\u015fme\u2019de bahsi ge\u00e7en nitelikleri haiz ve yine S\u00f6zle\u015fme\u2019de sat\u0131\u015f fiyat\u0131 belirtilen \u00fcr\u00fcnlerin (\u201c\u00dcr\u00fcn\/\u00dcr\u00fcnler\u201d) sat\u0131\u015f\u0131 ve teslimi ile ilgili olarak 6502 say\u0131l\u0131 T\u00fcketicinin Korunmas\u0131 Hakk\u0131nda Kanun (\u201cKanun\u201d) ve 29188 say\u0131l\u0131 Mesafeli S\u00f6zle\u015fmeler Y\u00f6netmeli\u011fi (\u201cY\u00f6netmelik\u201d) h\u00fck\u00fcmleri gere\u011fince Taraflar\u2019\u0131n hak ve y\u00fck\u00fcml\u00fcl\u00fcklerinin saptanmas\u0131d\u0131r.<\/p>\n<ol start=\"3\">\n<li>S\u00d6ZLE\u015eMEYE KONU MAL VEYA H\u0130ZMET, \u00d6DEME VE TESL\u0130MAT<\/li>\n<\/ol>\n<p>\u0130\u015fbu S\u00f6zle\u015fme\u2019nin konusunu olu\u015fturan \u00dcr\u00fcn veya \u00dcr\u00fcnler\u2019in cinsi, miktar\u0131, markas\u0131, modeli, rengi ve KDV dahil sat\u0131\u015f bedeli a\u015fa\u011f\u0131da belirtildi\u011fi gibidir:<\/p>\n<p><span lang=\"TR\">[woocommerce-cart]<\/span><\/p>\n<p><span lang=\"TR\">[woocommerce-cart-total]<\/span><\/p>\n<p>[woocommerce-order-date]<\/p>\n<ol start=\"4\">\n<li>TARAFLARIN BEYAN, HAK VE Y\u00dcK\u00dcML\u00dcL\u00dcKLER\u0130<\/li>\n<\/ol>\n<p>4.1. M\u00fc\u015fteri, i\u015fbu S\u00f6zle\u015fme konusu \u00dcr\u00fcn veya \u00dcr\u00fcnler\u2019in temel nitelikleri, KDV dahil sat\u0131\u015f fiyat\u0131, \u00f6deme \u015fekli, teslimi, teslimat ve masraflar\u0131, cayma hakk\u0131 ve kullan\u0131m\u0131n\u0131n M\u00fc\u015fteri taraf\u0131ndan kar\u015f\u0131lanaca\u011f\u0131, Sat\u0131c\u0131\u2019n\u0131n tam ticari unvan\u0131, a\u00e7\u0131k adresi ve ileti\u015fim bilgilerine ili\u015fkin \u00f6n bilgilendirme formunu okuyup do\u011fru ve eksiksiz olarak bilgi sahibi oldu\u011funu ve elektronik ortamda gerekli onay\u0131 verdi\u011fini kabul, beyan ve taahh\u00fct eder.<\/p>\n<p>4.2. M\u00fc\u015fteri, sat\u0131\u015fa konu \u00dcr\u00fcn veya \u00dcr\u00fcnler\u2019in temel nitelikleri, sat\u0131\u015f fiyat\u0131, \u00f6deme \u015fekli, teslimat ko\u015fullar\u0131 ve sair t\u00fcm \u00f6n bilgiler ve cayma hakk\u0131 konusunda bilgi sahibi oldu\u011funu, bu \u00f6n bilgileri elektronik ortamda teyit etti\u011fini ve sonras\u0131nda \u00dcr\u00fcn veya \u00dcr\u00fcnler\u2019in sipari\u015fin verdi\u011fini i\u015fbu S\u00f6zle\u015fme h\u00fck\u00fcmlerince kabul, beyan ve taahh\u00fct eder.<\/p>\n<p>4.3. \u00dcr\u00fcn veya \u00dcr\u00fcnler\u2019in teslimat\u0131; stokun m\u00fcsait olmas\u0131 ve bedelinin Sat\u0131c\u0131\u2019n\u0131n hesab\u0131na ge\u00e7mesinden sonra en k\u0131sa s\u00fcrede yap\u0131l\u0131r. Sat\u0131c\u0131, sipari\u015finden itibaren 30 (Otuz) g\u00fcn i\u00e7inde \u00dcr\u00fcn veya \u00dcr\u00fcnler\u2019i M\u00fc\u015fteri\u2019nin i\u015fbu S\u00f6zle\u015fme\u2019de belirtilen teslimat adresine teslim edece\u011fini kabul, beyan ve taahh\u00fct eder.<\/p>\n<p>4.4. Sat\u0131c\u0131, S\u00f6zle\u015fme konusu \u00dcr\u00fcn veya \u00dcr\u00fcnler\u2019in, eksiksiz, sipari\u015fte belirtilen niteliklere uygun ve varsa garanti belgeleri ve kullan\u0131m k\u0131lavuzlar\u0131 ile M\u00fc\u015fteri\u2019ye teslim edilmesinden sorumlu oldu\u011funu kabul, beyan ve taahh\u00fct eder.<\/p>\n<p>4.5. Sat\u0131c\u0131, kendisi belirleyerek Site\u2019de ilan etti\u011fi rakam\u0131n \u00fczerinde al\u0131\u015fveri\u015f yapanlar\u0131n teslimat \u00fccretinin kendisince kar\u015f\u0131lanaca\u011f\u0131n\u0131 ya da kampanya dahilinde \u00fccretsiz teslimat yapaca\u011f\u0131n\u0131 beyan etmi\u015fse, teslimat masraf\u0131 Sat\u0131c\u0131\u2019 ya aittir.<\/p>\n<p>4.6. M\u00fc\u015fteri, S\u00f6zle\u015fme konusu \u00dcr\u00fcn veya \u00dcr\u00fcnler\u2019i teslimat s\u0131ras\u0131nda ancak teslim almadan \u00f6nce muayene edecek; ezik, k\u0131r\u0131k, ambalaj\u0131 y\u0131rt\u0131lm\u0131\u015f ve benzeri hasarl\u0131 ve ay\u0131pl\u0131 \u00dcr\u00fcn veya \u00dcr\u00fcnleri kargo \u015firketinden teslim almayacakt\u0131r.<\/p>\n<p>4.7. M\u00fc\u015fteri, kargo \u015firketinden teslim ald\u0131\u011f\u0131 \u00dcr\u00fcn veya \u00dcr\u00fcnler\u2019in kendisine eksiksiz, hasars\u0131z ve sa\u011flam olarak teslim edildi\u011fini kabul, beyan ve taahh\u00fct eder. Teslimden sonra \u00dcr\u00fcn veya \u00dcr\u00fcnler\u2019in \u00f6zenle korunmas\u0131 borcu, M\u00fc\u015fteri\u2019ye aittir.<\/p>\n<p>4.8. Taraflar, \u00dcr\u00fcn veya \u00dcr\u00fcnler\u2019in tesliminden sonra M\u00fc\u015fteri\u2019ye ait kredi kart\u0131n\u0131n M\u00fc\u015fteri\u2019nin kusurundan kaynaklanmayan bir \u015fekilde yetkisiz ki\u015filerce haks\u0131z veya hukuka ayk\u0131r\u0131 olarak kullan\u0131lmas\u0131 nedeni ile ilgili banka veya finans kurulu\u015funun \u00dcr\u00fcn veya \u00dcr\u00fcnler\u2019in bedelini Sat\u0131c\u0131\u2019 ya \u00f6dememesi halinde, M\u00fc\u015fteri kendisine teslim edilmi\u015f olan \u00dcr\u00fcn veya \u00dcr\u00fcnleri 3 (\u00dc\u00e7) g\u00fcn i\u00e7inde Sat\u0131c\u0131\u2019 ya g\u00f6ndermekle y\u00fck\u00fcml\u00fc oldu\u011funu, bu durumda olu\u015facak teslimat giderlerinin M\u00fc\u015fteri\u2019ye ait oldu\u011funu kabul, beyan ve taahh\u00fct eder.<\/p>\n<p>4.9. Herhangi bir nedenle \u00dcr\u00fcn veya \u00dcr\u00fcnler\u2019in bedeli \u00f6denmez veya banka kay\u0131tlar\u0131nda iptal edilir ise, Sat\u0131c\u0131 i\u015fbu S\u00f6zle\u015fme konusu \u00dcr\u00fcn veya \u00dcr\u00fcnler\u2019in teslimi y\u00fck\u00fcml\u00fcl\u00fc\u011f\u00fcnden kurtulmu\u015f kabul edilir.<\/p>\n<p>4.10. Taraflar, \u00dcr\u00fcn veya \u00dcr\u00fcnler\u2019in M\u00fc\u015fteri\u2019den ba\u015fka bir ki\u015fi\/kurulu\u015fa teslim edilecek olmas\u0131 durumunda, teslim edilecek ki\u015fi\/kurulu\u015fun teslimat\u0131 kabul etmemesinden Sat\u0131c\u0131\u2019n\u0131n sorumlu olmad\u0131\u011f\u0131n\u0131 kabul, beyan ve taahh\u00fct eder.<\/p>\n<p>4.11. Sat\u0131c\u0131, hakl\u0131 bir gerek\u00e7esi olmas\u0131 durumunda S\u00f6zle\u015fme\u2019deki ifa s\u00fcresi dolmadan M\u00fc\u015fteri\u2019ye e\u015fit kalite ve fiyatta ba\u015fka \u00dcr\u00fcn veya \u00dcr\u00fcnler tedarik edebilir. Sat\u0131c\u0131 \u00dcr\u00fcn veya \u00dcr\u00fcnler\u2019in ifas\u0131n\u0131n imk\u00e2ns\u0131zla\u015ft\u0131\u011f\u0131n\u0131 d\u00fc\u015f\u00fcn\u00fcyorsa, S\u00f6zle\u015fme\u2019nin ifa s\u00fcresi dolmadan M\u00fc\u015fteri\u2019ye bildirir.<\/p>\n<p>4.12. Teslimat\u0131 yapacak olan kargo firmas\u0131n\u0131n, \u00dcr\u00fcn veya \u00dcr\u00fcnler\u2019i M\u00fc\u015fteri\u2019ye teslimi a\u015famas\u0131nda kar\u015f\u0131la\u015faca\u011f\u0131 her t\u00fcrl\u00fc sorun nedeniyle, sipari\u015fi verilen \u00dcr\u00fcn veya \u00dcr\u00fcnler\u2019in M\u00fc\u015fteri&#8217;nin i\u015fbu S\u00f6zle\u015fme\u2019de belirtilen teslimat adresine teslim edilememesinden dolay\u0131 Sat\u0131c\u0131 sorumlu tutulamaz.<\/p>\n<p>4.13. Sat\u0131c\u0131, sipari\u015f konusu \u00dcr\u00fcn ve \u00dcr\u00fcnler\u2019in M\u00fc\u015fteri\u2019ye tesliminin imkans\u0131zla\u015fmas\u0131 halinde S\u00f6zle\u015fme konusu y\u00fck\u00fcml\u00fcl\u00fcklerini yerine getiremezse, bu durumu, S\u00f6zle\u015fme\u2019den do\u011fan ifa y\u00fck\u00fcml\u00fcl\u00fc\u011f\u00fcn\u00fcn s\u00fcresi dolmadan M\u00fc\u015fteri\u2019ye bildirir ve M\u00fc\u015fteri\u2019ye e\u015fit kalite ve fiyatta farkl\u0131 bir \u00fcr\u00fcn tedarik edebilir.<\/p>\n<p>4.14. Sat\u0131c\u0131, m\u00fccbir sebepler veya teslimat\u0131 engelleyen hava muhalefeti, ula\u015f\u0131m\u0131n kesilmesi gibi ola\u011fan\u00fcst\u00fc durumlar nedeni ile S\u00f6zle\u015fme konusu \u00dcr\u00fcn veya \u00dcr\u00fcnler\u2019i s\u00fcresi i\u00e7inde teslim edemez ise, durumu M\u00fc\u015fteri&#8217;ye bildirmekle y\u00fck\u00fcml\u00fcd\u00fcr. Bu takdirde M\u00fc\u015fteri sipari\u015fin iptal edilmesini, \u00dcr\u00fcn veya \u00dcr\u00fcnler\u2019in varsa emsali ile de\u011fi\u015ftirilmesini ve\/veya teslimat s\u00fcresinin engelleyici durumun ortadan kalkmas\u0131na kadar ertelenmesi haklar\u0131ndan birini kullanabilir.<\/p>\n<p>4.15. M\u00fc\u015fterinin, kredi kart\u0131 ile ve taksitle al\u0131\u015fveri\u015f yapmas\u0131 durumunda i\u015fbu S\u00f6zle\u015fme\u2019de belirtilmi\u015f olan taksit bi\u00e7imi ge\u00e7erlidir. Taksitlendirme i\u015flemlerinde, M\u00fc\u015fteri ile kart sahibi banka aras\u0131nda imzalam\u0131\u015f bulunan s\u00f6zle\u015fmenin ilgili h\u00fck\u00fcmleri ge\u00e7erlidir. Kredi kart\u0131 \u00f6deme tarihi banka ile M\u00fc\u015fteri aras\u0131ndaki s\u00f6zle\u015fme h\u00fck\u00fcmlerince belirlenir. M\u00fc\u015fteri, ayr\u0131ca bankan\u0131n g\u00f6nderdi\u011fi hesap \u00f6zetinden taksit say\u0131s\u0131n\u0131 ve \u00f6demelerini takip edebilir.<\/p>\n<p>4.16. M\u00fc\u015fteri\u2019nin kredi kart\u0131 ile yapt\u0131\u011f\u0131 \u00f6demelerde, \u00fcr\u00fcn tutar\u0131, sipari\u015fin M\u00fc\u015fteri taraf\u0131ndan iptal edilmesinden sonra 7 g\u00fcn i\u00e7erisinde ilgili bankaya iade edilir. Bu tutar\u0131n bankaya iadesinden sonra M\u00fc\u015fteri hesaplar\u0131na yans\u0131mas\u0131 tamamen banka i\u015flem s\u00fcreci ile ilgili olup, Sat\u0131c\u0131\u2019n\u0131n bu hususa ili\u015fkin herhangi bir \u015fekilde m\u00fcdahalede bulunmas\u0131 m\u00fcmk\u00fcn olamamaktad\u0131r.<\/p>\n<p>4.17 M\u00fc\u015fteri, Sat\u0131c\u0131 taraf\u0131ndan \u0130nternet \u00fczerinden yap\u0131lan kampanyal\u0131 sat\u0131\u015flarda kampanyaya konu \u00fcr\u00fcn\u00fc\/\u00fcr\u00fcnleri sat\u0131n almadan \u00f6nce kampanya \u015fartlar\u0131n\u0131n Sat\u0131c\u0131\u2019n\u0131n internet sitesi \u00fczerinden kendisine bildirildi\u011fini, i\u015fbu bildirimi okumamas\u0131 sebebiyle olu\u015fabilecek sorunlardan Sat\u0131c\u0131\u2019n\u0131n sorumlu tutulamayaca\u011f\u0131n\u0131 kabul, beyan ve taahh\u00fct eder.<\/p>\n<p>4.18 Sat\u0131c\u0131\u2019n\u0131n internet \u00fczerinden yapt\u0131\u011f\u0131 kampanyal\u0131 sat\u0131\u015flarda, internet sisteminde ya\u015fanabilecek teknik sorunlar sebebiyle, tek \u00fcr\u00fcnde uygulanan indirimin birden \u00e7ok \u00fcr\u00fcne uygulanmas\u0131, hatal\u0131 fiyat g\u00f6sterimi ya\u015fanmas\u0131 vb. Sat\u0131c\u0131\u2019n\u0131n sorumlu tutulamayaca\u011f\u0131 teknik sorun ortaya \u00e7\u0131kmas\u0131 halinde Sat\u0131c\u0131, i\u015fbu teknik problem sebebiyle hatal\u0131 fiyatland\u0131rma \u00fczerinden yap\u0131lm\u0131\u015f sat\u0131\u015f\u0131 iptal etme hakk\u0131n\u0131 sakl\u0131 tutar. \u0130\u015fbu s\u00f6zle\u015fmenin 4.17 maddesinde belirtildi\u011fi \u00fczere kampanyal\u0131 sat\u0131\u015f \u015fartlar\u0131 kendisine bildirilmi\u015f M\u00fc\u015fteri, internet sitesinde ya\u015fanan teknik sorunlar nedeniyle hatal\u0131 fiyatland\u0131rma \u00fczerinden verdi\u011fi sipari\u015fi Sat\u0131c\u0131\u2019n\u0131n iptal edilme hakk\u0131 bulundu\u011funu kabul, beyan ve taahh\u00fct eder.<\/p>\n<ol start=\"5\">\n<li>CAYMA HAKKI<\/li>\n<\/ol>\n<p>5.1. M\u00fc\u015fteri, \u00dcr\u00fcn veya \u00dcr\u00fcnler\u2019in i\u015fbu S\u00f6zle\u015fme\u2019de belirtilen teslimat adresine tesliminden itibaren 14 (On D\u00f6rt) g\u00fcn i\u00e7inde hi\u00e7bir sebep g\u00f6stermek zorunda olmaks\u0131z\u0131n cayma hakk\u0131na sahiptir.<\/p>\n<p>5.2. Cayma hakk\u0131n\u0131n kullan\u0131lmas\u0131 i\u00e7in 14 (On D\u00f6rt) g\u00fcnl\u00fck s\u00fcre i\u00e7inde Sat\u0131c\u0131&#8217; ya faks, telefon veya e-posta ile bildirimde bulunulmas\u0131 ve iade edilmek istenen \u00dcr\u00fcn veya \u00dcr\u00fcnler\u2019in i\u015fbu S\u00f6zle\u015fme\u2019nin 6. maddesi h\u00fck\u00fcmleri \u00e7er\u00e7evesinde kullan\u0131lmam\u0131\u015f ve Sat\u0131c\u0131 taraf\u0131ndan tekrar sat\u0131\u015fa arz edilebilir nitelikte olmas\u0131 \u015fartt\u0131r. Cayma hakk\u0131n\u0131n kullan\u0131lmas\u0131 halinde:<\/p>\n<ol>\n<li>M\u00fc\u015fteri\u2019nin i\u015fbu S\u00f6zle\u015fme\u2019de belirtti\u011fi teslimat adresine teslim edilen \u00dcr\u00fcn veya \u00dcr\u00fcnler\u2019in faturas\u0131, (\u0130ade edilmek istenen \u00dcr\u00fcn veya \u00dcr\u00fcnler\u2019in faturas\u0131 kurumsal ise, iade ederken kurumun d\u00fczenlemi\u015f oldu\u011fu iade faturas\u0131 ile birlikte g\u00f6nderilmesi gerekmektedir. Faturas\u0131 kurumlar ad\u0131na d\u00fczenlenen sipari\u015f iadeleri \u0130ADE FATURASI kesilmedi\u011fi takdirde tamamlanamayacakt\u0131r)<\/li>\n<li>\u0130ade formu,<\/li>\n<\/ol>\n<p>iii. \u00dcr\u00fcn veya \u00dcr\u00fcnler\u2019in kutusu, ambalaj\u0131, varsa standart aksesuarlar\u0131<\/p>\n<p>ile birlikte eksiksiz ve hasars\u0131z olarak Sat\u0131c\u0131\u2019 ya teslim edilmesi gerekmektedir.<\/p>\n<p>5.3. Madde 5.2\u2019de say\u0131lanlar\u0131n Sat\u0131c\u0131\u2019 ya ula\u015fmas\u0131n\u0131n ard\u0131ndan iade \u00dcr\u00fcn veya \u00dcr\u00fcnler\u2019in bedeli M\u00fc\u015fteri&#8217;ye iade edilir.<\/p>\n<p>5.4. S\u00fcresi i\u00e7erisinde herhangi bir sebeple iade edilen \u00dcr\u00fcn veya \u00dcr\u00fcnler\u2019in M\u00fc\u015fteri\u2019ye g\u00f6nderim de dahil t\u00fcm kargo bedeli Sat\u0131c\u0131 taraf\u0131ndan kar\u015f\u0131lanacakt\u0131r.<\/p>\n<p>5.5. \u00dcr\u00fcn veya \u00dcr\u00fcnler Sat\u0131c\u0131\u2019 ya iade edilirken, teslim s\u0131ras\u0131nda M\u00fc\u015fteri\u2019ye ibraz edilmi\u015f olan orijinal faturan\u0131n da Sat\u0131c\u0131\u2019 ya iade edilmesi gerekmekte olup, faturan\u0131n \u00dcr\u00fcn veya \u00dcr\u00fcnler ile birlikte ya da en ge\u00e7 \u00dcr\u00fcn veya \u00dcr\u00fcnler\u2019in g\u00f6nderilmesinden itibaren 5 (Be\u015f) g\u00fcn i\u00e7erisinde Sat\u0131c\u0131\u2019 ya g\u00f6nderilmemesi durumunda iade i\u015flemi ger\u00e7ekle\u015ftirilmeyecek, \u00dcr\u00fcn veya \u00dcr\u00fcnler ayn\u0131 \u015fekilde kar\u015f\u0131 \u00f6demeli olarak M\u00fc\u015fteri\u2019ye geri g\u00f6nderilecektir.<\/p>\n<p>5.6. \u0130ade edilecek olan faturan\u0131n \u00fczerine de &#8220;iade faturas\u0131d\u0131r&#8221; ibaresi yaz\u0131l\u0131p M\u00fc\u015fteri taraf\u0131ndan imzalanacakt\u0131r.<\/p>\n<ol start=\"6\">\n<li>CAYMA HAKKI KULLANILAMAYACAK \u00dcR\u00dcNLER<\/li>\n<\/ol>\n<p>Cayma hakk\u0131; tesliminden sonra ambalaj, bant, m\u00fch\u00fcr, paket gibi koruyucu unsurlar\u0131 a\u00e7\u0131lm\u0131\u015f ve kullan\u0131lm\u0131\u015f olan ; iadesi sa\u011fl\u0131k ve hijyen a\u00e7\u0131s\u0131ndan uygun olmayan \u00fcr\u00fcnlerde, kullan\u0131lamaz. Ayr\u0131ca, kullan\u0131m talimatlar\u0131na ayk\u0131r\u0131 olarak kullan\u0131lan, Al\u0131c\u0131n\u0131n \u00f6zel istek ve talepleri uyar\u0131nca \u00fcretilen veya \u00fczerinde de\u011fi\u015fiklik ya da ilaveler yap\u0131larak ki\u015fiye \u00f6zel hale getirilen \u00fcr\u00fcnlerde cayma hakk\u0131 kullan\u0131lamaz.<\/p>\n<ol start=\"7\">\n<li>YETK\u0130L\u0130 MAHKEME<\/li>\n<\/ol>\n<p>\u0130\u015fbu s\u00f6zle\u015fmeden kaynaklanan ihtilaflarda, Sanayi ve Ticaret Bakanl\u0131\u011f\u0131 taraf\u0131ndan ilan edilen de\u011fere kadar T\u00fcketici Hakem Heyetleri ile M\u00fc\u015fteri\u2019nin yerle\u015fim yerindeki T\u00fcketici Mahkemeleri yetkilidir.<\/p>\n<ol start=\"8\">\n<li>B\u0130LD\u0130R\u0130MLER<\/li>\n<\/ol>\n<p>Bu S\u00f6zle\u015fme\u2019ye g\u00f6re yap\u0131lacak t\u00fcm bildirim, ihbar ve tebligatlar e-posta, a\u00e7\u0131klamal\u0131kargo g\u00f6nderisi, iadeli taahh\u00fctl\u00fc mektupla veya noter arac\u0131l\u0131\u011f\u0131 ile Taraflar\u0131n i\u015fbu S\u00f6zle\u015fmenin 1. maddesinde belirtilen adreslerine yap\u0131lacakt\u0131r. Taraflar S\u00f6zle\u015fmede belirtilen adreslerin kanuni tebligat adresleri oldu\u011fu, adres de\u011fi\u015fikli\u011fi kar\u015f\u0131 tarafa be\u015f (5) i\u015f g\u00fcn\u00fc \u00f6nceden bildirilmedik\u00e7e bu adreslere yap\u0131lan tebligatlar\u0131n ge\u00e7erli olaca\u011f\u0131 hususlar\u0131nda mutab\u0131kt\u0131rlar. Sat\u0131c\u0131 taraf\u0131ndan yap\u0131lan bu S\u00f6zle\u015fme kapsam\u0131ndaki t\u00fcm bildirimler yollanmas\u0131ndan 1 (bir) g\u00fcn sonra M\u00fc\u015fteri\u2019ye ula\u015ft\u0131\u011f\u0131 kabul edilecek ve M\u00fc\u015fteri taraf\u0131ndan Sat\u0131c\u0131\u2019 ya g\u00f6nderilecek bu S\u00f6zle\u015fme kapsam\u0131ndaki t\u00fcm bildirimler T\u00fcrk Kanunlar\u0131na g\u00f6re tebli\u011f edilmi\u015f say\u0131ld\u0131klar\u0131 g\u00fcnden itibaren ge\u00e7erli olacaklard\u0131r.<\/p>\n<ol start=\"9\">\n<li>SON H\u00dcK\u00dcMLER<\/li>\n<\/ol>\n<p>\u0130\u015fbu S\u00f6zle\u015fme 9 (dokuz) madde ve 6 (Alt\u0131) sayfadan ibaret olup, Taraflar\u2019 ca &#8230;&#8230;&#8230; tarihinde akdedilmi\u015ftir. http:\/\/www.gallico.shop web sitesinin \u00f6deme sayfas\u0131nda yer alan \u00f6n bilgilendirme formu ve fatura i\u015fbu S\u00f6zle\u015fme\u2019nin ayr\u0131lmaz par\u00e7alar\u0131d\u0131r. Taraflar, i\u015fbu S\u00f6zle\u015fme\u2019nin tamam\u0131n\u0131 okuduklar\u0131n\u0131, kabul ettiklerini, burada kendilerince belirtilen bilgilerin do\u011fru oldu\u011funu ve t\u00fcm s\u00f6zle\u015fme h\u00fck\u00fcmlerinin ge\u00e7erli oldu\u011funu kabul, beyan ve taahh\u00fct eder. Site\u2019nin \u00f6zel olarak d\u00fczenlenen alt yap\u0131s\u0131 ile i\u015fbu S\u00f6zle\u015fme\u2019yi onaylayan M\u00fc\u015fteri, S\u00f6zle\u015fme\u2019deki t\u00fcm ko\u015fullar\u0131 kabul etmi\u015f say\u0131l\u0131r.<\/p>\n<table width=\"482\">\n<tbody>\n<tr>\n<td width=\"405\">Sat\u0131c\u0131<\/td>\n<td width=\"77\">M\u00fc\u015fteri<\/td>\n<\/tr>\n<tr>\n<td width=\"405\">Lider Deri \u00dcr\u00fcnleri Sanayi ve Ticaret A.\u015e.<\/td>\n<td width=\"77\">&#8230;&#8230;&#8230;<\/td>\n<\/tr>\n<\/tbody>\n<\/table>\n\n\t\t<\/div>\n\t<\/div>\n<\/div><\/div><\/div><\/div>","protected":false},"excerpt":{"rendered":"MESAFEL\u0130 SATI\u015e S\u00d6ZLE\u015eMES\u0130 (\u201cS\u00f6zle\u015fme\u201d) S\u00d6ZLE\u015eMEN\u0130N TARAFLARI \u0130\u015f bu S\u00f6zle\u015fme; Sat\u0131c\u0131 [customer-name] Unvan : Lider Deri \u00dcr\u00fcnleri Sanayi ve Ticaret A.\u015e. (k\u0131saca \u201cSat\u0131c\u0131\" olarak an\u0131lacakt\u0131r.) Mersis No : - Tebligat Adresi&hellip;","protected":false},"author":1,"featured_media":0,"parent":0,"menu_order":0,"comment_status":"closed","ping_status":"closed","template":"","meta":{"spay_email":""},"yoast_head":"<!-- This site is optimized with the Yoast SEO plugin v17.6 - https:\/\/yoast.com\/wordpress\/plugins\/seo\/ -->\n<title>Mesafeli Sat\u0131\u015f S\u00f6zle\u015fmesi - Gallico<\/title>\n<meta name=\"robots\" content=\"index, follow, max-snippet:-1, max-image-preview:large, max-video-preview:-1\" \/>\n<link rel=\"canonical\" href=\"https:\/\/gallico.shop\/en\/mesafeli-satis-sozlesmesi\/\" \/>\n<meta property=\"og:locale\" content=\"en_US\" \/>\n<meta property=\"og:type\" content=\"article\" \/>\n<meta property=\"og:title\" content=\"Mesafeli Sat\u0131\u015f S\u00f6zle\u015fmesi - Gallico\" \/>\n<meta property=\"og:url\" content=\"https:\/\/gallico.shop\/en\/mesafeli-satis-sozlesmesi\/\" \/>\n<meta property=\"og:site_name\" content=\"Gallico\" \/>\n<meta name=\"twitter:card\" content=\"summary_large_image\" \/>\n<meta name=\"twitter:label1\" content=\"Est. reading time\" \/>\n\t<meta name=\"twitter:data1\" content=\"11 minutes\" \/>\n<script type=\"application\/ld+json\" class=\"yoast-schema-graph\">{\"@context\":\"https:\/\/schema.org\",\"@graph\":[{\"@type\":\"WebSite\",\"@id\":\"https:\/\/gallico.shop\/#website\",\"url\":\"https:\/\/gallico.shop\/\",\"name\":\"Gallico\",\"description\":\"Luxury Leather Apparels\",\"potentialAction\":[{\"@type\":\"SearchAction\",\"target\":{\"@type\":\"EntryPoint\",\"urlTemplate\":\"https:\/\/gallico.shop\/?s={search_term_string}\"},\"query-input\":\"required name=search_term_string\"}],\"inLanguage\":\"en-US\"},{\"@type\":\"WebPage\",\"@id\":\"https:\/\/gallico.shop\/mesafeli-satis-sozlesmesi\/#webpage\",\"url\":\"https:\/\/gallico.shop\/mesafeli-satis-sozlesmesi\/\",\"name\":\"Mesafeli Sat\\u0131\\u015f S\\u00f6zle\\u015fmesi - Gallico\",\"isPartOf\":{\"@id\":\"https:\/\/gallico.shop\/#website\"},\"datePublished\":\"2020-10-12T11:10:18+00:00\",\"dateModified\":\"2020-10-12T11:10:18+00:00\",\"breadcrumb\":{\"@id\":\"https:\/\/gallico.shop\/mesafeli-satis-sozlesmesi\/#breadcrumb\"},\"inLanguage\":\"en-US\",\"potentialAction\":[{\"@type\":\"ReadAction\",\"target\":[\"https:\/\/gallico.shop\/mesafeli-satis-sozlesmesi\/\"]}]},{\"@type\":\"BreadcrumbList\",\"@id\":\"https:\/\/gallico.shop\/mesafeli-satis-sozlesmesi\/#breadcrumb\",\"itemListElement\":[{\"@type\":\"ListItem\",\"position\":1,\"name\":\"Ana sayfa\",\"item\":\"https:\/\/gallico.shop\/\"},{\"@type\":\"ListItem\",\"position\":2,\"name\":\"Mesafeli Sat\\u0131\\u015f S\\u00f6zle\\u015fmesi\"}]}]}<\/script>\n<!-- \/ Yoast SEO plugin. -->","yoast_head_json":{"title":"Mesafeli Sat\u0131\u015f S\u00f6zle\u015fmesi - Gallico","robots":{"index":"index","follow":"follow","max-snippet":"max-snippet:-1","max-image-preview":"max-image-preview:large","max-video-preview":"max-video-preview:-1"},"canonical":"https:\/\/gallico.shop\/en\/mesafeli-satis-sozlesmesi\/","og_locale":"en_US","og_type":"article","og_title":"Mesafeli Sat\u0131\u015f S\u00f6zle\u015fmesi - Gallico","og_url":"https:\/\/gallico.shop\/en\/mesafeli-satis-sozlesmesi\/","og_site_name":"Gallico","twitter_card":"summary_large_image","twitter_misc":{"Est. reading time":"11 minutes"},"schema":{"@context":"https:\/\/schema.org","@graph":[{"@type":"WebSite","@id":"https:\/\/gallico.shop\/#website","url":"https:\/\/gallico.shop\/","name":"Gallico","description":"Luxury Leather Apparels","potentialAction":[{"@type":"SearchAction","target":{"@type":"EntryPoint","urlTemplate":"https:\/\/gallico.shop\/?s={search_term_string}"},"query-input":"required name=search_term_string"}],"inLanguage":"en-US"},{"@type":"WebPage","@id":"https:\/\/gallico.shop\/mesafeli-satis-sozlesmesi\/#webpage","url":"https:\/\/gallico.shop\/mesafeli-satis-sozlesmesi\/","name":"Mesafeli Sat\u0131\u015f S\u00f6zle\u015fmesi - Gallico","isPartOf":{"@id":"https:\/\/gallico.shop\/#website"},"datePublished":"2020-10-12T11:10:18+00:00","dateModified":"2020-10-12T11:10:18+00:00","breadcrumb":{"@id":"https:\/\/gallico.shop\/mesafeli-satis-sozlesmesi\/#breadcrumb"},"inLanguage":"en-US","potentialAction":[{"@type":"ReadAction","target":["https:\/\/gallico.shop\/mesafeli-satis-sozlesmesi\/"]}]},{"@type":"BreadcrumbList","@id":"https:\/\/gallico.shop\/mesafeli-satis-sozlesmesi\/#breadcrumb","itemListElement":[{"@type":"ListItem","position":1,"name":"Ana sayfa","item":"https:\/\/gallico.shop\/"},{"@type":"ListItem","position":2,"name":"Mesafeli Sat\u0131\u015f S\u00f6zle\u015fmesi"}]}]}},"_links":{"self":[{"href":"https:\/\/gallico.shop\/en\/wp-json\/wp\/v2\/pages\/10661"}],"collection":[{"href":"https:\/\/gallico.shop\/en\/wp-json\/wp\/v2\/pages"}],"about":[{"href":"https:\/\/gallico.shop\/en\/wp-json\/wp\/v2\/types\/page"}],"author":[{"embeddable":true,"href":"https:\/\/gallico.shop\/en\/wp-json\/wp\/v2\/users\/1"}],"replies":[{"embeddable":true,"href":"https:\/\/gallico.shop\/en\/wp-json\/wp\/v2\/comments?post=10661"}],"version-history":[{"count":0,"href":"https:\/\/gallico.shop\/en\/wp-json\/wp\/v2\/pages\/10661\/revisions"}],"wp:attachment":[{"href":"https:\/\/gallico.shop\/en\/wp-json\/wp\/v2\/media?parent=10661"}],"curies":[{"name":"wp","href":"https:\/\/api.w.org\/{rel}","templated":true}]}}