{"id":10659,"date":"2020-10-12T14:06:18","date_gmt":"2020-10-12T11:06:18","guid":{"rendered":"http:\/\/89.252.131.128\/?page_id=10659"},"modified":"2020-10-12T14:06:18","modified_gmt":"2020-10-12T11:06:18","slug":"uyelik-gizlilik-sozlesmesi","status":"publish","type":"page","link":"https:\/\/gallico.shop\/en\/uyelik-gizlilik-sozlesmesi\/","title":{"rendered":"\u00dcyelik &#038; Gizlilik S\u00f6zle\u015fmesi"},"content":{"rendered":"<div class=\"vc_row wpb_row vc_row-fluid\"><div class=\"wpb_column vc_column_container vc_col-sm-12\"><div class=\"vc_column-inner\"><div class=\"wpb_wrapper\">\n\t<div class=\"wpb_text_column wpb_content_element\" >\n\t\t<div class=\"wpb_wrapper\">\n\t\t\t<p><strong>\u00dcyelik ve Gizlilik S<\/strong><strong>\u00f6<\/strong><strong>zle\u015fmesi<\/strong><\/p>\n<p>&nbsp;<\/p>\n<p>\u00dcyelerimizin-M\u00fc\u015fterilerimizin\u00a0www.gallico.shop \u00a0sitemize (&#8220;Sitemiz&#8221;) vermi\u015f oldu\u011fu bilgilerin gizlili\u011fi, korunmas\u0131 ve ilgili di\u011fer hususlarda a\u015fa\u011f\u0131da cari kurallar\u0131 belirtilen Gizlilik Politikas\u0131 benimsenmi\u015ftir.<\/p>\n<ul>\n<li>Sitemize girilen bilgilerin ve i\u015flemlerin g\u00fcvenli\u011fi i\u00e7in gerekli \u00f6nlemler, bilgi ve i\u015flemin mahiyetine g\u00f6re <strong>L\u0130DER DER\u0130 \u00dcR\u00dcNLER\u0130 SAN. VE T\u0130<\/strong><strong> A.<\/strong><strong>\u015e <\/strong>ve\/veya ilgili kart kurulu\u015flar\u0131nca sistem ve internet altyap\u0131s\u0131nda al\u0131nm\u0131\u015ft\u0131r. T\u00fcm kredi kart\u0131 i\u015flemleri ve onaylar\u0131 taraf\u0131m\u0131zdan ba\u011f\u0131ms\u0131z olarak ilgili banka ve benzeri kart kurulu\u015flar\u0131\u2018nca online olarak aran\u0131zda ger\u00e7ekle\u015ftirilmektedir (Kredi kart\u0131 \u015fifresi gibi bilgiler <strong>L\u0130DER DER\u0130 \u00dcR\u00dcNLER\u0130 SAN. VE T\u0130<\/strong><strong>C. A.<\/strong><strong>\u015e<\/strong> taraf\u0131ndan g\u00f6r\u00fclmez ve kaydedilmez).<\/li>\n<li>M\u00fc\u015fterilerimizin Sitemize \u00fcyelik, \u00fcr\u00fcn\/hizmet sat\u0131n alma ve bilgi g\u00fcncelleme ama\u00e7l\u0131 girdikleri bilgiler, \u00f6zellikle kredi kart\u0131 ve banka kartlar\u0131na ait gizli bilgiler di\u011fer internet kullan\u0131c\u0131lar\u0131 taraf\u0131ndan g\u00f6r\u00fcnt\u00fclenemez.<\/li>\n<li>\u00dcyelerimize-M\u00fc\u015fterilerimize ait bilgiler yasal d\u00fczenlemelerin \u00f6ng\u00f6rd\u00fc\u011f\u00fc sorumluluklar\u0131m\u0131z \u00e7er\u00e7evesinde ilgili kurulu\u015flara a\u00e7\u0131klanabilir. Ayr\u0131ca \u00fcyelikleri ve\/veya al\u0131\u015fveri\u015fleri s\u0131ras\u0131nda vermi\u015f olduklar\u0131 ileti\u015fim bilgileri (telefon, adres, e-mail vs) ve di\u011fer ki\u015fisel bilgiler Sitemize \u00fcyelik i\u015flemlerinizin yap\u0131lmas\u0131, g\u00fcncellenmesi, muhtelif \u00fcr\u00fcn\/hizmetlerin <strong>L\u0130DER DER\u0130 \u00dcR\u00dcNLER\u0130 SAN. VE T\u0130<\/strong><strong> A.<\/strong><strong>\u015e<\/strong> ile i\u015f ortaklar\u0131 ve tedarik\u00e7ileri taraf\u0131ndan verilebilmesi\/sat\u0131m\u0131, \u00fcr\u00fcn\/hizmet \u00fccret-masraf\u0131 tahsilatlar\u0131 ve \u00e7e\u015fitli tan\u0131t\u0131m, reklam, promosyon, ileti\u015fim, sat\u0131\u015f ve kartland\u0131rma uygulamalar\u0131 i\u00e7in s\u00fcresiz olarak kayda al\u0131nabilir, <strong>L\u0130DER DER\u0130 \u00dcR\u00dcNLER\u0130 SAN. VE T\u0130<\/strong><strong>C. A.<\/strong><strong>\u015e<\/strong> ve belirtilen kurulu\u015flar nezdinde saklanabilir, i\u015flenebilir, gerekli g\u00f6r\u00fclen hal-yer ve zamanda payla\u015f\u0131labilir ve kullan\u0131labilir.<\/li>\n<li>gallico.shop \u00a0\u00fcyeli\u011finden ayr\u0131lmak i\u00e7in Sitemiz\u2019in g\u00f6nderdi\u011fi t\u00fcm e-postalarda yer alan \u201c\u00fcyelikten ayr\u0131l\u201d linkini kullanabilirsiniz.<\/li>\n<li>Sitemizin di\u011fer internet-web sitelerine ba\u011flant\u0131 verdi\u011fi hallerde t\u00fcm kullan\u0131m ve i\u015flemler i\u00e7in o sitelere ait gizlilik-g\u00fcvenlik politikas\u0131 ve kullan\u0131m \u015fartlar\u0131 ge\u00e7erlidir; Sitemizden reklam, banner, i\u00e7erik g\u00f6rmek veya ba\u015fka herhangi bir ama\u00e7 ile ula\u015f\u0131lan di\u011fer web sitelerinden bilgi kullan\u0131mlar\u0131, keza sitelerin etik ilkeleri, gizlilik-g\u00fcvenlik prensipleri, servis kalitesi ve di\u011fer uygulamalar\u0131 sebebi ile olu\u015fabilecek ihtilaf, maddi-manevi zarar ve kay\u0131plardan <strong>L\u0130DER DER\u0130 \u00dcR\u00dcNLER\u0130 SAN. VE T\u0130<\/strong><strong> A.<\/strong><strong>\u015e<\/strong> sorumlu de\u011fildir.<\/li>\n<li>Sitemizde yer alan her t\u00fcrl\u00fc bilgi, i\u00e7erik ile bunlar\u0131n d\u00fczenlenmesi ve k\u0131smen\/tamamen kullan\u0131m\u0131 konusunda (<strong>L\u0130DER DER\u0130 \u00dcR\u00dcNLER\u0130 SAN. VE T\u0130<\/strong><strong> A.<\/strong><strong>\u015e<\/strong> ile anla\u015fmas\u0131na g\u00f6re \u00fc\u00e7\u00fcnc\u00fc \u015fah\u0131slara ait olanlar hari\u00e7) t\u00fcm fikri-s\u0131nai haklar ve m\u00fclkiyet haklar\u0131 <strong>L\u0130DER DER\u0130 \u00dcR\u00dcNLER\u0130 SAN. VE T\u0130<\/strong><strong>C. A.<\/strong><strong>\u015e<\/strong> \u2018ye aittir.<\/li>\n<\/ul>\n<p>M\u00fc\u015fterilerimizin \u00f6zel istek ve talepleri uyar\u0131nca \u00fcretilen veya \u00fczerinde de\u011fi\u015fiklik ya da ilaveler yap\u0131larak ki\u015fiye \u00f6zel hale getirilen ya da niteli\u011fi itibariyle iade edilemeyecek, h\u0131zla bozulma veya son kullanma tarihi ge\u00e7me ihtimali olan bir \u00fcr\u00fcn s\u00f6z konusu oldu\u011funda ve genel olarak \u00fcr\u00fcn kullan\u0131ld\u0131\u011f\u0131nda ya da kullan\u0131lmam\u0131\u015f olsa dahi ambalaj\u0131ndan \u00e7\u0131kar\u0131ld\u0131\u011f\u0131nda M\u00fc\u015fterilerimiz cayma hakk\u0131n\u0131 kullanamaz; bunun gibi Sitemiz\u2019de sat\u0131lan \u00fcr\u00fcnlerin \u00a0iadelerinde \u00fcr\u00fcn \u00fczerindeki ambalaj etiketi \u00e7\u0131kar\u0131ld\u0131\u011f\u0131, y\u0131rt\u0131ld\u0131\u011f\u0131 veya hasar g\u00f6rd\u00fc\u011f\u00fc durumlarda \u00fcr\u00fcn iade al\u0131nmaz.<\/p>\n<p>Ek bilgi almak istedi\u011finiz konularda +90 232 376 81 97 \u00a0numaral\u0131 M\u00fc\u015fteri Hizmetleri telefonumuzdan,\u00a0info \u00a0eposta adresinden veya www.gallico.shop\/ileti\u015fim adresinden <strong>L\u0130<\/strong><strong>DER DER<\/strong><strong>\u0130 \u00dcR<\/strong><strong>\u00dcNLER<\/strong><strong>\u0130 SAN. VE T\u0130<\/strong><strong>C. A.<\/strong><strong>\u015e<\/strong> \u2018ye dan\u0131\u015fabilirsiniz.<\/p>\n<p>&nbsp;<\/p>\n<p>Adres : 5500\/3 sk. Tuna Mh. No\u00a0:16 \u00c7amdibi Bornova-\u0130zmir<\/p>\n<p><strong>L\u0130DER DER\u0130 \u00dcR\u00dcNLER\u0130 SAN. VE T\u0130<\/strong><strong>C. A.<\/strong><strong>\u015e<\/strong><\/p>\n<p>&nbsp;<\/p>\n<p><strong>Internet sitenizin formunda belirtti\u011fim ki\u015fisel ve di\u011fer bilgilerimin \u015eirketiniz ile mevcut ve ilerideki i\u015ftirakleri, ba\u011fl\u0131 \u015firketleri, ortaklar\u0131, halefleri ve\/veya bunlar\u0131n belirleyecekleri \u00fc\u00e7\u00fcnc\u00fc ki\u015filer-kurulu\u015flar taraf\u0131ndan her t\u00fcrl\u00fc tan\u0131t\u0131m, reklam, promosyon, ileti\u015f<\/strong><strong>im, sat<\/strong><strong>\u0131\u015f, pazarlama, ma\u011faza kart\u0131, kredi kart\u0131 ve \u00fcyelik uygulamalar\u0131 i<\/strong><strong>\u00e7<\/strong><strong>in s\u00fcresiz olarak veya <\/strong><strong>\u00f6<\/strong><strong>ng<\/strong><strong>\u00f6<\/strong><strong>recekleri s\u00fcre ile kaydedilmesine, yaz\u0131l\u0131\/manyetik ar\u015fivlerde tutulmas\u0131na, muhafazas\u0131<\/strong><strong>na, i<\/strong><strong>\u015flenmesine, g\u00fcncellenmesine, payla\u015f\u0131lmas\u0131na, transferine ve kullan\u0131lmas\u0131na izin veriyorum.<\/strong><\/p>\n\n\t\t<\/div>\n\t<\/div>\n<\/div><\/div><\/div><\/div>","protected":false},"excerpt":{"rendered":"\u00dcyelik ve Gizlilik S\u00f6zle\u015fmesi &nbsp; \u00dcyelerimizin-M\u00fc\u015fterilerimizin\u00a0www.gallico.shop \u00a0sitemize (\"Sitemiz\") vermi\u015f oldu\u011fu bilgilerin gizlili\u011fi, korunmas\u0131 ve ilgili di\u011fer hususlarda a\u015fa\u011f\u0131da cari kurallar\u0131 belirtilen Gizlilik Politikas\u0131 benimsenmi\u015ftir. Sitemize girilen bilgilerin ve i\u015flemlerin g\u00fcvenli\u011fi&hellip;","protected":false},"author":1,"featured_media":0,"parent":0,"menu_order":0,"comment_status":"closed","ping_status":"closed","template":"","meta":{"spay_email":""},"yoast_head":"<!-- This site is optimized with the Yoast SEO plugin v17.6 - https:\/\/yoast.com\/wordpress\/plugins\/seo\/ -->\n<title>\u00dcyelik &amp; Gizlilik S\u00f6zle\u015fmesi - Gallico<\/title>\n<meta name=\"robots\" content=\"index, follow, max-snippet:-1, max-image-preview:large, max-video-preview:-1\" \/>\n<link rel=\"canonical\" href=\"https:\/\/gallico.shop\/en\/uyelik-gizlilik-sozlesmesi\/\" \/>\n<meta property=\"og:locale\" content=\"en_US\" \/>\n<meta property=\"og:type\" content=\"article\" \/>\n<meta property=\"og:title\" content=\"\u00dcyelik &amp; Gizlilik S\u00f6zle\u015fmesi - Gallico\" \/>\n<meta property=\"og:url\" content=\"https:\/\/gallico.shop\/en\/uyelik-gizlilik-sozlesmesi\/\" \/>\n<meta property=\"og:site_name\" content=\"Gallico\" \/>\n<meta name=\"twitter:card\" content=\"summary_large_image\" \/>\n<meta name=\"twitter:label1\" content=\"Est. reading time\" \/>\n\t<meta name=\"twitter:data1\" content=\"4 minutes\" \/>\n<script type=\"application\/ld+json\" class=\"yoast-schema-graph\">{\"@context\":\"https:\/\/schema.org\",\"@graph\":[{\"@type\":\"WebSite\",\"@id\":\"https:\/\/gallico.shop\/#website\",\"url\":\"https:\/\/gallico.shop\/\",\"name\":\"Gallico\",\"description\":\"Luxury Leather Apparels\",\"potentialAction\":[{\"@type\":\"SearchAction\",\"target\":{\"@type\":\"EntryPoint\",\"urlTemplate\":\"https:\/\/gallico.shop\/?s={search_term_string}\"},\"query-input\":\"required name=search_term_string\"}],\"inLanguage\":\"en-US\"},{\"@type\":\"WebPage\",\"@id\":\"https:\/\/gallico.shop\/uyelik-gizlilik-sozlesmesi\/#webpage\",\"url\":\"https:\/\/gallico.shop\/uyelik-gizlilik-sozlesmesi\/\",\"name\":\"\\u00dcyelik & Gizlilik S\\u00f6zle\\u015fmesi - Gallico\",\"isPartOf\":{\"@id\":\"https:\/\/gallico.shop\/#website\"},\"datePublished\":\"2020-10-12T11:06:18+00:00\",\"dateModified\":\"2020-10-12T11:06:18+00:00\",\"breadcrumb\":{\"@id\":\"https:\/\/gallico.shop\/uyelik-gizlilik-sozlesmesi\/#breadcrumb\"},\"inLanguage\":\"en-US\",\"potentialAction\":[{\"@type\":\"ReadAction\",\"target\":[\"https:\/\/gallico.shop\/uyelik-gizlilik-sozlesmesi\/\"]}]},{\"@type\":\"BreadcrumbList\",\"@id\":\"https:\/\/gallico.shop\/uyelik-gizlilik-sozlesmesi\/#breadcrumb\",\"itemListElement\":[{\"@type\":\"ListItem\",\"position\":1,\"name\":\"Ana sayfa\",\"item\":\"https:\/\/gallico.shop\/\"},{\"@type\":\"ListItem\",\"position\":2,\"name\":\"\\u00dcyelik &#038; Gizlilik S\\u00f6zle\\u015fmesi\"}]}]}<\/script>\n<!-- \/ Yoast SEO plugin. -->","yoast_head_json":{"title":"\u00dcyelik & Gizlilik S\u00f6zle\u015fmesi - Gallico","robots":{"index":"index","follow":"follow","max-snippet":"max-snippet:-1","max-image-preview":"max-image-preview:large","max-video-preview":"max-video-preview:-1"},"canonical":"https:\/\/gallico.shop\/en\/uyelik-gizlilik-sozlesmesi\/","og_locale":"en_US","og_type":"article","og_title":"\u00dcyelik & Gizlilik S\u00f6zle\u015fmesi - Gallico","og_url":"https:\/\/gallico.shop\/en\/uyelik-gizlilik-sozlesmesi\/","og_site_name":"Gallico","twitter_card":"summary_large_image","twitter_misc":{"Est. reading time":"4 minutes"},"schema":{"@context":"https:\/\/schema.org","@graph":[{"@type":"WebSite","@id":"https:\/\/gallico.shop\/#website","url":"https:\/\/gallico.shop\/","name":"Gallico","description":"Luxury Leather Apparels","potentialAction":[{"@type":"SearchAction","target":{"@type":"EntryPoint","urlTemplate":"https:\/\/gallico.shop\/?s={search_term_string}"},"query-input":"required name=search_term_string"}],"inLanguage":"en-US"},{"@type":"WebPage","@id":"https:\/\/gallico.shop\/uyelik-gizlilik-sozlesmesi\/#webpage","url":"https:\/\/gallico.shop\/uyelik-gizlilik-sozlesmesi\/","name":"\u00dcyelik & Gizlilik S\u00f6zle\u015fmesi - Gallico","isPartOf":{"@id":"https:\/\/gallico.shop\/#website"},"datePublished":"2020-10-12T11:06:18+00:00","dateModified":"2020-10-12T11:06:18+00:00","breadcrumb":{"@id":"https:\/\/gallico.shop\/uyelik-gizlilik-sozlesmesi\/#breadcrumb"},"inLanguage":"en-US","potentialAction":[{"@type":"ReadAction","target":["https:\/\/gallico.shop\/uyelik-gizlilik-sozlesmesi\/"]}]},{"@type":"BreadcrumbList","@id":"https:\/\/gallico.shop\/uyelik-gizlilik-sozlesmesi\/#breadcrumb","itemListElement":[{"@type":"ListItem","position":1,"name":"Ana sayfa","item":"https:\/\/gallico.shop\/"},{"@type":"ListItem","position":2,"name":"\u00dcyelik &#038; Gizlilik S\u00f6zle\u015fmesi"}]}]}},"_links":{"self":[{"href":"https:\/\/gallico.shop\/en\/wp-json\/wp\/v2\/pages\/10659"}],"collection":[{"href":"https:\/\/gallico.shop\/en\/wp-json\/wp\/v2\/pages"}],"about":[{"href":"https:\/\/gallico.shop\/en\/wp-json\/wp\/v2\/types\/page"}],"author":[{"embeddable":true,"href":"https:\/\/gallico.shop\/en\/wp-json\/wp\/v2\/users\/1"}],"replies":[{"embeddable":true,"href":"https:\/\/gallico.shop\/en\/wp-json\/wp\/v2\/comments?post=10659"}],"version-history":[{"count":0,"href":"https:\/\/gallico.shop\/en\/wp-json\/wp\/v2\/pages\/10659\/revisions"}],"wp:attachment":[{"href":"https:\/\/gallico.shop\/en\/wp-json\/wp\/v2\/media?parent=10659"}],"curies":[{"name":"wp","href":"https:\/\/api.w.org\/{rel}","templated":true}]}}